{"id":1539,"date":"2020-12-09T22:43:54","date_gmt":"2020-12-09T21:43:54","guid":{"rendered":"https:\/\/fehlingsgruppe.de\/portefeuille\/weichenbau\/"},"modified":"2023-06-28T15:07:04","modified_gmt":"2023-06-28T13:07:04","slug":"construction-daiguillages","status":"publish","type":"page","link":"https:\/\/fehlingsgruppe.de\/fr\/portefeuille\/construction-daiguillages\/","title":{"rendered":"Construction d\u2019aiguillages"},"content":{"rendered":"\t\t<div data-elementor-type=\"wp-page\" data-elementor-id=\"1539\" class=\"elementor elementor-1539 elementor-324\" data-elementor-post-type=\"page\">\n\t\t\t\t\t\t<section class=\"elementor-section elementor-top-section elementor-element elementor-element-f38a0da elementor-section-height-min-height elementor-section-stretched head-slider elementor-section-boxed elementor-section-height-default elementor-section-items-middle\" data-id=\"f38a0da\" data-element_type=\"section\" data-e-type=\"section\" data-settings=\"{&quot;stretch_section&quot;:&quot;section-stretched&quot;,&quot;background_background&quot;:&quot;slideshow&quot;,&quot;background_slideshow_gallery&quot;:[{&quot;id&quot;:100,&quot;url&quot;:&quot;https:\\\/\\\/fehlingsgruppe.de\\\/wp-content\\\/uploads\\\/2020\\\/12\\\/Slider_Verguetung_Schiene_Detail_Roeblingen.jpg&quot;},{&quot;id&quot;:2122,&quot;url&quot;:&quot;https:\\\/\\\/fehlingsgruppe.de\\\/wp-content\\\/uploads\\\/2021\\\/03\\\/Fehlings_Kuenstler_Weiche_Herzstueck_Detail_Hamm_opt-1.jpg&quot;},{&quot;id&quot;:2112,&quot;url&quot;:&quot;https:\\\/\\\/fehlingsgruppe.de\\\/wp-content\\\/uploads\\\/2021\\\/03\\\/Fehlings_Kuenstler_Weiche_Herzstueck_Hamm_opt.jpg&quot;}],&quot;background_slideshow_slide_transition&quot;:&quot;slide_left&quot;,&quot;background_slideshow_loop&quot;:&quot;yes&quot;,&quot;background_slideshow_slide_duration&quot;:5000,&quot;background_slideshow_transition_duration&quot;:500}\">\n\t\t\t\t\t\t<div class=\"elementor-container elementor-column-gap-default\">\n\t\t\t\t\t<div class=\"elementor-column elementor-col-50 elementor-top-column elementor-element elementor-element-2c32c39\" data-id=\"2c32c39\" data-element_type=\"column\" data-e-type=\"column\" data-settings=\"{&quot;background_background&quot;:&quot;classic&quot;}\">\n\t\t\t<div class=\"elementor-widget-wrap elementor-element-populated\">\n\t\t\t\t\t\t<div class=\"elementor-element elementor-element-3b974d4 elementor-widget elementor-widget-heading\" data-id=\"3b974d4\" data-element_type=\"widget\" data-e-type=\"widget\" data-widget_type=\"heading.default\">\n\t\t\t\t<div class=\"elementor-widget-container\">\n\t\t\t\t\t<h1 class=\"elementor-heading-title elementor-size-default\">Weichenbau<\/h1>\t\t\t\t<\/div>\n\t\t\t\t<\/div>\n\t\t\t\t\t<\/div>\n\t\t<\/div>\n\t\t\t\t<div class=\"elementor-column elementor-col-50 elementor-top-column elementor-element elementor-element-2e4c8be\" data-id=\"2e4c8be\" data-element_type=\"column\" data-e-type=\"column\">\n\t\t\t<div class=\"elementor-widget-wrap\">\n\t\t\t\t\t\t\t<\/div>\n\t\t<\/div>\n\t\t\t\t\t<\/div>\n\t\t<\/section>\n\t\t\t\t<section class=\"elementor-section elementor-top-section elementor-element elementor-element-071fe58 elementor-reverse-mobile elementor-section-boxed elementor-section-height-default elementor-section-height-default\" data-id=\"071fe58\" data-element_type=\"section\" data-e-type=\"section\">\n\t\t\t\t\t\t<div class=\"elementor-container elementor-column-gap-no\">\n\t\t\t\t\t<div class=\"elementor-column elementor-col-50 elementor-top-column elementor-element elementor-element-d7030ba\" data-id=\"d7030ba\" data-element_type=\"column\" data-e-type=\"column\">\n\t\t\t<div class=\"elementor-widget-wrap elementor-element-populated\">\n\t\t\t\t\t\t<div class=\"elementor-element elementor-element-0ea6d58 elementor-widget elementor-widget-image\" data-id=\"0ea6d58\" data-element_type=\"widget\" data-e-type=\"widget\" data-widget_type=\"image.default\">\n\t\t\t\t<div class=\"elementor-widget-container\">\n\t\t\t\t\t\t\t\t\t\t\t\t\t\t\t<img fetchpriority=\"high\" decoding=\"async\" width=\"1705\" height=\"1706\" src=\"https:\/\/fehlingsgruppe.de\/wp-content\/uploads\/2021\/03\/Fehlings_Kuenstler_3-fach_Weiche_Hamm_opt-1.jpg\" class=\"attachment-full size-full wp-image-2187\" alt=\"\" srcset=\"https:\/\/fehlingsgruppe.de\/wp-content\/uploads\/2021\/03\/Fehlings_Kuenstler_3-fach_Weiche_Hamm_opt-1.jpg 1705w, https:\/\/fehlingsgruppe.de\/wp-content\/uploads\/2021\/03\/Fehlings_Kuenstler_3-fach_Weiche_Hamm_opt-1-300x300.jpg 300w, https:\/\/fehlingsgruppe.de\/wp-content\/uploads\/2021\/03\/Fehlings_Kuenstler_3-fach_Weiche_Hamm_opt-1-1024x1024.jpg 1024w, https:\/\/fehlingsgruppe.de\/wp-content\/uploads\/2021\/03\/Fehlings_Kuenstler_3-fach_Weiche_Hamm_opt-1-150x150.jpg 150w, https:\/\/fehlingsgruppe.de\/wp-content\/uploads\/2021\/03\/Fehlings_Kuenstler_3-fach_Weiche_Hamm_opt-1-768x768.jpg 768w, https:\/\/fehlingsgruppe.de\/wp-content\/uploads\/2021\/03\/Fehlings_Kuenstler_3-fach_Weiche_Hamm_opt-1-1536x1536.jpg 1536w\" sizes=\"(max-width: 1705px) 100vw, 1705px\" \/>\t\t\t\t\t\t\t\t\t\t\t\t\t\t\t<\/div>\n\t\t\t\t<\/div>\n\t\t\t\t\t<\/div>\n\t\t<\/div>\n\t\t\t\t<div class=\"elementor-column elementor-col-50 elementor-top-column elementor-element elementor-element-9351ca8\" data-id=\"9351ca8\" data-element_type=\"column\" data-e-type=\"column\">\n\t\t\t<div class=\"elementor-widget-wrap elementor-element-populated\">\n\t\t\t\t\t\t<div class=\"elementor-element elementor-element-4d7e8e1 elementor-widget elementor-widget-text-editor\" data-id=\"4d7e8e1\" data-element_type=\"widget\" data-e-type=\"widget\" data-widget_type=\"text-editor.default\">\n\t\t\t\t<div class=\"elementor-widget-container\">\n\t\t\t\t\t\t\t\t\t<p>Unsere langj\u00e4hrige und einschl\u00e4gige Erfahrung, sowie die st\u00e4ndige Weiterentwicklung unserer Produkte erm\u00f6glichen es uns, unser umfangreiches Produktportfolio um innovative L\u00f6sungen f\u00fcr alle Anforderungen im Weichenbau zu erweitern.<\/p>\n<p>Durch unsere Partner K\u00fcnstler Bahntechnik GmbH, Heinrich Krug GmbH und Bahnbedarf M\u00f6hlau bieten wir unseren Kunden umfangreiche Dienstleistungen im Weichenbau an. So geh\u00f6ren sowohl die Konstruktion und Produktion, die individuelle Beratung und Ingenieurarbeiten wie auch die Herstellung von Vignol- und Rillenschienenweichen, Kreuzungen und Sonderkonstruktionen bis zu Mehrspurweichen zu unserer Expertise.<\/p>\n<ul>\n<li>Vignolweichen<\/li>\n<li>Rillenschienenweichen<\/li>\n<li>Sonderkonstruktionen inkl. Mehrspurweichen<\/li>\n<li>Weichenersatzteile<\/li>\n<li>\u00dcberg\u00e4nge<\/li>\n<li>Montage von elastischen Systemen (einbaufertig)<\/li>\n<li>Abbrennstumpfschwei\u00dfungen<\/li>\n<\/ul>\n\t\t\t\t\t\t\t\t<\/div>\n\t\t\t\t<\/div>\n\t\t\t\t\t<\/div>\n\t\t<\/div>\n\t\t\t\t\t<\/div>\n\t\t<\/section>\n\t\t\t\t<section class=\"elementor-section elementor-top-section elementor-element elementor-element-7f3a7bf elementor-section-boxed elementor-section-height-default elementor-section-height-default\" data-id=\"7f3a7bf\" data-element_type=\"section\" data-e-type=\"section\">\n\t\t\t\t\t\t<div class=\"elementor-container elementor-column-gap-no\">\n\t\t\t\t\t<div class=\"elementor-column elementor-col-50 elementor-top-column elementor-element elementor-element-b2767b5\" data-id=\"b2767b5\" data-element_type=\"column\" data-e-type=\"column\">\n\t\t\t<div class=\"elementor-widget-wrap elementor-element-populated\">\n\t\t\t\t\t\t<div class=\"elementor-element elementor-element-754fca3 elementor-widget elementor-widget-text-editor\" data-id=\"754fca3\" data-element_type=\"widget\" data-e-type=\"widget\" data-widget_type=\"text-editor.default\">\n\t\t\t\t<div class=\"elementor-widget-container\">\n\t\t\t\t\t\t\t\t\t<p>Nicht nur beim Kunden selbst, sondern auch in unserem Weichenwerk bieten wir Ihnen einen umfangreichen und vollumf\u00e4nglichen Service. Unsere geschulten Facharbeiter und zugelassene Oberbauschwei\u00dfer erbringen folgende Leistungen in unserem Weichenwerk:<\/p>\n<ul>\n<li>Neufertigung von Weichen und Kreuzungen (Vignol- und Rillenschiene)<\/li>\n<li>Ersatzteilfertigung f\u00fcr Weichen (Zungen, Radlenker, Herzst\u00fccke)<\/li>\n<li>Gleisrahmen und -b\u00f6gen<\/li>\n<li>Schienenkonfektionierung<\/li>\n<li>Weichen-Aufarbeitung und Gebrauchtweichen nach Fachverbandsstandard A \/ B<\/li>\n<li>Reparaturschwei\u00dfungen<\/li>\n<li>Weichenzustandsbeurteilung \/ Weichenvermessung<\/li>\n<\/ul>\n\t\t\t\t\t\t\t\t<\/div>\n\t\t\t\t<\/div>\n\t\t\t\t\t<\/div>\n\t\t<\/div>\n\t\t\t\t<div class=\"elementor-column elementor-col-50 elementor-top-column elementor-element elementor-element-c07e00d\" data-id=\"c07e00d\" data-element_type=\"column\" data-e-type=\"column\">\n\t\t\t<div class=\"elementor-widget-wrap elementor-element-populated\">\n\t\t\t\t\t\t<div class=\"elementor-element elementor-element-d91d18c elementor-widget elementor-widget-image\" data-id=\"d91d18c\" data-element_type=\"widget\" data-e-type=\"widget\" data-widget_type=\"image.default\">\n\t\t\t\t<div class=\"elementor-widget-container\">\n\t\t\t\t\t\t\t\t\t\t\t\t\t\t\t<img decoding=\"async\" width=\"2560\" height=\"2560\" src=\"https:\/\/fehlingsgruppe.de\/wp-content\/uploads\/2021\/03\/Fehlings_Kuenstler_Schiene_Flexen_Hamm_opt-scaled.jpg\" class=\"attachment-full size-full wp-image-2350\" alt=\"\" srcset=\"https:\/\/fehlingsgruppe.de\/wp-content\/uploads\/2021\/03\/Fehlings_Kuenstler_Schiene_Flexen_Hamm_opt-scaled.jpg 2560w, https:\/\/fehlingsgruppe.de\/wp-content\/uploads\/2021\/03\/Fehlings_Kuenstler_Schiene_Flexen_Hamm_opt-300x300.jpg 300w, https:\/\/fehlingsgruppe.de\/wp-content\/uploads\/2021\/03\/Fehlings_Kuenstler_Schiene_Flexen_Hamm_opt-1024x1024.jpg 1024w, https:\/\/fehlingsgruppe.de\/wp-content\/uploads\/2021\/03\/Fehlings_Kuenstler_Schiene_Flexen_Hamm_opt-150x150.jpg 150w, https:\/\/fehlingsgruppe.de\/wp-content\/uploads\/2021\/03\/Fehlings_Kuenstler_Schiene_Flexen_Hamm_opt-768x768.jpg 768w, https:\/\/fehlingsgruppe.de\/wp-content\/uploads\/2021\/03\/Fehlings_Kuenstler_Schiene_Flexen_Hamm_opt-1536x1536.jpg 1536w, https:\/\/fehlingsgruppe.de\/wp-content\/uploads\/2021\/03\/Fehlings_Kuenstler_Schiene_Flexen_Hamm_opt-2048x2048.jpg 2048w\" sizes=\"(max-width: 2560px) 100vw, 2560px\" \/>\t\t\t\t\t\t\t\t\t\t\t\t\t\t\t<\/div>\n\t\t\t\t<\/div>\n\t\t\t\t\t<\/div>\n\t\t<\/div>\n\t\t\t\t\t<\/div>\n\t\t<\/section>\n\t\t\t\t<section class=\"elementor-section elementor-top-section elementor-element elementor-element-ffb9a5d elementor-reverse-mobile elementor-section-boxed elementor-section-height-default elementor-section-height-default\" data-id=\"ffb9a5d\" data-element_type=\"section\" data-e-type=\"section\">\n\t\t\t\t\t\t<div class=\"elementor-container elementor-column-gap-no\">\n\t\t\t\t\t<div class=\"elementor-column elementor-col-50 elementor-top-column elementor-element elementor-element-cd4b616\" data-id=\"cd4b616\" data-element_type=\"column\" data-e-type=\"column\">\n\t\t\t<div class=\"elementor-widget-wrap elementor-element-populated\">\n\t\t\t\t\t\t<div class=\"elementor-element elementor-element-cd8eb9f elementor-widget elementor-widget-image\" data-id=\"cd8eb9f\" data-element_type=\"widget\" data-e-type=\"widget\" data-widget_type=\"image.default\">\n\t\t\t\t<div class=\"elementor-widget-container\">\n\t\t\t\t\t\t\t\t\t\t\t\t\t\t\t<img decoding=\"async\" width=\"740\" height=\"860\" src=\"https:\/\/fehlingsgruppe.de\/wp-content\/uploads\/2020\/12\/Kreuzungsmessung_Detail_Roeblingen.jpg\" class=\"attachment-full size-full wp-image-1531\" alt=\"\" srcset=\"https:\/\/fehlingsgruppe.de\/wp-content\/uploads\/2020\/12\/Kreuzungsmessung_Detail_Roeblingen.jpg 740w, https:\/\/fehlingsgruppe.de\/wp-content\/uploads\/2020\/12\/Kreuzungsmessung_Detail_Roeblingen-258x300.jpg 258w\" sizes=\"(max-width: 740px) 100vw, 740px\" \/>\t\t\t\t\t\t\t\t\t\t\t\t\t\t\t<\/div>\n\t\t\t\t<\/div>\n\t\t\t\t\t<\/div>\n\t\t<\/div>\n\t\t\t\t<div class=\"elementor-column elementor-col-50 elementor-top-column elementor-element elementor-element-61f64ac\" data-id=\"61f64ac\" data-element_type=\"column\" data-e-type=\"column\">\n\t\t\t<div class=\"elementor-widget-wrap elementor-element-populated\">\n\t\t\t\t\t\t<div class=\"elementor-element elementor-element-9e421c6 elementor-widget elementor-widget-text-editor\" data-id=\"9e421c6\" data-element_type=\"widget\" data-e-type=\"widget\" data-widget_type=\"text-editor.default\">\n\t\t\t\t<div class=\"elementor-widget-container\">\n\t\t\t\t\t\t\t\t\t<p>Beim Kunden vor Ort bieten wir zudem:<\/p>\n<ul>\n<li>Weichenservice<\/li>\n<li>Inbetriebnahmecheck \/ Betriebscheck (4-6 Wochen nach Einbau)<\/li>\n<li>Weichenzustandsbeurteilung \/ Weichenvermessung<\/li>\n<li>Ermittlung \/ \u00dcberpr\u00fcfung der Weichengeometrie<\/li>\n<li>Weichen- und Ersatzteillieferung inkl. Einbau<\/li>\n<\/ul>\n\t\t\t\t\t\t\t\t<\/div>\n\t\t\t\t<\/div>\n\t\t\t\t\t<\/div>\n\t\t<\/div>\n\t\t\t\t\t<\/div>\n\t\t<\/section>\n\t\t\t\t<\/div>\n\t\t","protected":false},"excerpt":{"rendered":"<p>Weichenbau Unsere langj\u00e4hrige und einschl\u00e4gige Erfahrung, sowie die st\u00e4ndige Weiterentwicklung unserer Produkte erm\u00f6glichen es uns, unser umfangreiches Produktportfolio um innovative L\u00f6sungen f\u00fcr alle Anforderungen im Weichenbau zu erweitern. Durch unsere Partner K\u00fcnstler Bahntechnik GmbH, Heinrich Krug GmbH und Bahnbedarf M\u00f6hlau bieten wir unseren Kunden umfangreiche Dienstleistungen im Weichenbau an. So geh\u00f6ren sowohl die Konstruktion und [&hellip;]<\/p>\n","protected":false},"author":1,"featured_media":0,"parent":1507,"menu_order":1,"comment_status":"closed","ping_status":"closed","template":"","meta":{"site-sidebar-layout":"no-sidebar","site-content-layout":"default","ast-site-content-layout":"default","site-content-style":"default","site-sidebar-style":"default","ast-global-header-display":"","ast-banner-title-visibility":"","ast-main-header-display":"","ast-hfb-above-header-display":"","ast-hfb-below-header-display":"","ast-hfb-mobile-header-display":"","site-post-title":"disabled","ast-breadcrumbs-content":"","ast-featured-img":"","footer-sml-layout":"","ast-disable-related-posts":"","theme-transparent-header-meta":"default","adv-header-id-meta":"","stick-header-meta":"default","header-above-stick-meta":"","header-main-stick-meta":"","header-below-stick-meta":"","astra-migrate-meta-layouts":"default","ast-page-background-enabled":"default","ast-page-background-meta":{"desktop":{"background-color":"","background-image":"","background-repeat":"repeat","background-position":"center center","background-size":"auto","background-attachment":"scroll","background-type":"","background-media":"","overlay-type":"","overlay-color":"","overlay-opacity":"","overlay-gradient":""},"tablet":{"background-color":"","background-image":"","background-repeat":"repeat","background-position":"center center","background-size":"auto","background-attachment":"scroll","background-type":"","background-media":"","overlay-type":"","overlay-color":"","overlay-opacity":"","overlay-gradient":""},"mobile":{"background-color":"","background-image":"","background-repeat":"repeat","background-position":"center center","background-size":"auto","background-attachment":"scroll","background-type":"","background-media":"","overlay-type":"","overlay-color":"","overlay-opacity":"","overlay-gradient":""}},"ast-content-background-meta":{"desktop":{"background-color":"var(--ast-global-color-5)","background-image":"","background-repeat":"repeat","background-position":"center center","background-size":"auto","background-attachment":"scroll","background-type":"","background-media":"","overlay-type":"","overlay-color":"","overlay-opacity":"","overlay-gradient":""},"tablet":{"background-color":"var(--ast-global-color-5)","background-image":"","background-repeat":"repeat","background-position":"center center","background-size":"auto","background-attachment":"scroll","background-type":"","background-media":"","overlay-type":"","overlay-color":"","overlay-opacity":"","overlay-gradient":""},"mobile":{"background-color":"var(--ast-global-color-5)","background-image":"","background-repeat":"repeat","background-position":"center center","background-size":"auto","background-attachment":"scroll","background-type":"","background-media":"","overlay-type":"","overlay-color":"","overlay-opacity":"","overlay-gradient":""}},"footnotes":""},"class_list":["post-1539","page","type-page","status-publish","hentry"],"yoast_head":"<!-- This site is optimized with the Yoast SEO plugin v27.6 - https:\/\/yoast.com\/product\/yoast-seo-wordpress\/ -->\n<title>Construction d\u2019aiguillages - Fehlings Gruppe<\/title>\n<meta name=\"robots\" content=\"index, follow, max-snippet:-1, max-image-preview:large, max-video-preview:-1\" \/>\n<link rel=\"canonical\" href=\"https:\/\/fehlingsgruppe.de\/fr\/portefeuille\/construction-daiguillages\/\" \/>\n<meta property=\"og:locale\" content=\"fr_FR\" \/>\n<meta property=\"og:type\" content=\"article\" \/>\n<meta property=\"og:title\" content=\"Construction d\u2019aiguillages - Fehlings Gruppe\" \/>\n<meta property=\"og:description\" content=\"Weichenbau Unsere langj\u00e4hrige und einschl\u00e4gige Erfahrung, sowie die st\u00e4ndige Weiterentwicklung unserer Produkte erm\u00f6glichen es uns, unser umfangreiches Produktportfolio um innovative L\u00f6sungen f\u00fcr alle Anforderungen im Weichenbau zu erweitern. Durch unsere Partner K\u00fcnstler Bahntechnik GmbH, Heinrich Krug GmbH und Bahnbedarf M\u00f6hlau bieten wir unseren Kunden umfangreiche Dienstleistungen im Weichenbau an. So geh\u00f6ren sowohl die Konstruktion und [&hellip;]\" \/>\n<meta property=\"og:url\" content=\"https:\/\/fehlingsgruppe.de\/fr\/portefeuille\/construction-daiguillages\/\" \/>\n<meta property=\"og:site_name\" content=\"Fehlings Gruppe\" \/>\n<meta property=\"article:modified_time\" content=\"2023-06-28T13:07:04+00:00\" \/>\n<meta property=\"og:image\" content=\"https:\/\/fehlingsgruppe.de\/wp-content\/uploads\/2021\/03\/Fehlings_Kuenstler_3-fach_Weiche_Hamm_opt-1.jpg\" \/>\n<meta name=\"twitter:card\" content=\"summary_large_image\" \/>\n<meta name=\"twitter:label1\" content=\"Dur\u00e9e de lecture estim\u00e9e\" \/>\n\t<meta name=\"twitter:data1\" content=\"2 minutes\" \/>\n<script type=\"application\/ld+json\" class=\"yoast-schema-graph\">{\"@context\":\"https:\\\/\\\/schema.org\",\"@graph\":[{\"@type\":\"WebPage\",\"@id\":\"https:\\\/\\\/fehlingsgruppe.de\\\/fr\\\/portefeuille\\\/construction-daiguillages\\\/\",\"url\":\"https:\\\/\\\/fehlingsgruppe.de\\\/fr\\\/portefeuille\\\/construction-daiguillages\\\/\",\"name\":\"Construction d\u2019aiguillages - Fehlings Gruppe\",\"isPartOf\":{\"@id\":\"https:\\\/\\\/fehlingsgruppe.de\\\/fr\\\/#website\"},\"primaryImageOfPage\":{\"@id\":\"https:\\\/\\\/fehlingsgruppe.de\\\/fr\\\/portefeuille\\\/construction-daiguillages\\\/#primaryimage\"},\"image\":{\"@id\":\"https:\\\/\\\/fehlingsgruppe.de\\\/fr\\\/portefeuille\\\/construction-daiguillages\\\/#primaryimage\"},\"thumbnailUrl\":\"https:\\\/\\\/fehlingsgruppe.de\\\/wp-content\\\/uploads\\\/2021\\\/03\\\/Fehlings_Kuenstler_3-fach_Weiche_Hamm_opt-1.jpg\",\"datePublished\":\"2020-12-09T21:43:54+00:00\",\"dateModified\":\"2023-06-28T13:07:04+00:00\",\"breadcrumb\":{\"@id\":\"https:\\\/\\\/fehlingsgruppe.de\\\/fr\\\/portefeuille\\\/construction-daiguillages\\\/#breadcrumb\"},\"inLanguage\":\"fr-FR\",\"potentialAction\":[{\"@type\":\"ReadAction\",\"target\":[\"https:\\\/\\\/fehlingsgruppe.de\\\/fr\\\/portefeuille\\\/construction-daiguillages\\\/\"]}]},{\"@type\":\"ImageObject\",\"inLanguage\":\"fr-FR\",\"@id\":\"https:\\\/\\\/fehlingsgruppe.de\\\/fr\\\/portefeuille\\\/construction-daiguillages\\\/#primaryimage\",\"url\":\"https:\\\/\\\/fehlingsgruppe.de\\\/wp-content\\\/uploads\\\/2021\\\/03\\\/Fehlings_Kuenstler_3-fach_Weiche_Hamm_opt-1.jpg\",\"contentUrl\":\"https:\\\/\\\/fehlingsgruppe.de\\\/wp-content\\\/uploads\\\/2021\\\/03\\\/Fehlings_Kuenstler_3-fach_Weiche_Hamm_opt-1.jpg\"},{\"@type\":\"BreadcrumbList\",\"@id\":\"https:\\\/\\\/fehlingsgruppe.de\\\/fr\\\/portefeuille\\\/construction-daiguillages\\\/#breadcrumb\",\"itemListElement\":[{\"@type\":\"ListItem\",\"position\":1,\"name\":\"Startseite\",\"item\":\"https:\\\/\\\/fehlingsgruppe.de\\\/fr\\\/\"},{\"@type\":\"ListItem\",\"position\":2,\"name\":\"Portefeuille\",\"item\":\"https:\\\/\\\/fehlingsgruppe.de\\\/fr\\\/portefeuille\\\/\"},{\"@type\":\"ListItem\",\"position\":3,\"name\":\"Construction d\u2019aiguillages\"}]},{\"@type\":\"WebSite\",\"@id\":\"https:\\\/\\\/fehlingsgruppe.de\\\/fr\\\/#website\",\"url\":\"https:\\\/\\\/fehlingsgruppe.de\\\/fr\\\/\",\"name\":\"Fehlings Gruppe\",\"description\":\"\",\"publisher\":{\"@id\":\"https:\\\/\\\/fehlingsgruppe.de\\\/fr\\\/#organization\"},\"potentialAction\":[{\"@type\":\"SearchAction\",\"target\":{\"@type\":\"EntryPoint\",\"urlTemplate\":\"https:\\\/\\\/fehlingsgruppe.de\\\/fr\\\/?s={search_term_string}\"},\"query-input\":{\"@type\":\"PropertyValueSpecification\",\"valueRequired\":true,\"valueName\":\"search_term_string\"}}],\"inLanguage\":\"fr-FR\"},{\"@type\":\"Organization\",\"@id\":\"https:\\\/\\\/fehlingsgruppe.de\\\/fr\\\/#organization\",\"name\":\"Fehlings Gruppe\",\"url\":\"https:\\\/\\\/fehlingsgruppe.de\\\/fr\\\/\",\"logo\":{\"@type\":\"ImageObject\",\"inLanguage\":\"fr-FR\",\"@id\":\"https:\\\/\\\/fehlingsgruppe.de\\\/fr\\\/#\\\/schema\\\/logo\\\/image\\\/\",\"url\":\"https:\\\/\\\/fehlingsgruppe.de\\\/wp-content\\\/uploads\\\/2020\\\/12\\\/logo-fehlings-140.png\",\"contentUrl\":\"https:\\\/\\\/fehlingsgruppe.de\\\/wp-content\\\/uploads\\\/2020\\\/12\\\/logo-fehlings-140.png\",\"width\":140,\"height\":140,\"caption\":\"Fehlings Gruppe\"},\"image\":{\"@id\":\"https:\\\/\\\/fehlingsgruppe.de\\\/fr\\\/#\\\/schema\\\/logo\\\/image\\\/\"}}]}<\/script>\n<!-- \/ Yoast SEO plugin. -->","yoast_head_json":{"title":"Construction d\u2019aiguillages - Fehlings Gruppe","robots":{"index":"index","follow":"follow","max-snippet":"max-snippet:-1","max-image-preview":"max-image-preview:large","max-video-preview":"max-video-preview:-1"},"canonical":"https:\/\/fehlingsgruppe.de\/fr\/portefeuille\/construction-daiguillages\/","og_locale":"fr_FR","og_type":"article","og_title":"Construction d\u2019aiguillages - Fehlings Gruppe","og_description":"Weichenbau Unsere langj\u00e4hrige und einschl\u00e4gige Erfahrung, sowie die st\u00e4ndige Weiterentwicklung unserer Produkte erm\u00f6glichen es uns, unser umfangreiches Produktportfolio um innovative L\u00f6sungen f\u00fcr alle Anforderungen im Weichenbau zu erweitern. Durch unsere Partner K\u00fcnstler Bahntechnik GmbH, Heinrich Krug GmbH und Bahnbedarf M\u00f6hlau bieten wir unseren Kunden umfangreiche Dienstleistungen im Weichenbau an. So geh\u00f6ren sowohl die Konstruktion und [&hellip;]","og_url":"https:\/\/fehlingsgruppe.de\/fr\/portefeuille\/construction-daiguillages\/","og_site_name":"Fehlings Gruppe","article_modified_time":"2023-06-28T13:07:04+00:00","og_image":[{"url":"https:\/\/fehlingsgruppe.de\/wp-content\/uploads\/2021\/03\/Fehlings_Kuenstler_3-fach_Weiche_Hamm_opt-1.jpg","type":"","width":"","height":""}],"twitter_card":"summary_large_image","twitter_misc":{"Dur\u00e9e de lecture estim\u00e9e":"2 minutes"},"schema":{"@context":"https:\/\/schema.org","@graph":[{"@type":"WebPage","@id":"https:\/\/fehlingsgruppe.de\/fr\/portefeuille\/construction-daiguillages\/","url":"https:\/\/fehlingsgruppe.de\/fr\/portefeuille\/construction-daiguillages\/","name":"Construction d\u2019aiguillages - Fehlings Gruppe","isPartOf":{"@id":"https:\/\/fehlingsgruppe.de\/fr\/#website"},"primaryImageOfPage":{"@id":"https:\/\/fehlingsgruppe.de\/fr\/portefeuille\/construction-daiguillages\/#primaryimage"},"image":{"@id":"https:\/\/fehlingsgruppe.de\/fr\/portefeuille\/construction-daiguillages\/#primaryimage"},"thumbnailUrl":"https:\/\/fehlingsgruppe.de\/wp-content\/uploads\/2021\/03\/Fehlings_Kuenstler_3-fach_Weiche_Hamm_opt-1.jpg","datePublished":"2020-12-09T21:43:54+00:00","dateModified":"2023-06-28T13:07:04+00:00","breadcrumb":{"@id":"https:\/\/fehlingsgruppe.de\/fr\/portefeuille\/construction-daiguillages\/#breadcrumb"},"inLanguage":"fr-FR","potentialAction":[{"@type":"ReadAction","target":["https:\/\/fehlingsgruppe.de\/fr\/portefeuille\/construction-daiguillages\/"]}]},{"@type":"ImageObject","inLanguage":"fr-FR","@id":"https:\/\/fehlingsgruppe.de\/fr\/portefeuille\/construction-daiguillages\/#primaryimage","url":"https:\/\/fehlingsgruppe.de\/wp-content\/uploads\/2021\/03\/Fehlings_Kuenstler_3-fach_Weiche_Hamm_opt-1.jpg","contentUrl":"https:\/\/fehlingsgruppe.de\/wp-content\/uploads\/2021\/03\/Fehlings_Kuenstler_3-fach_Weiche_Hamm_opt-1.jpg"},{"@type":"BreadcrumbList","@id":"https:\/\/fehlingsgruppe.de\/fr\/portefeuille\/construction-daiguillages\/#breadcrumb","itemListElement":[{"@type":"ListItem","position":1,"name":"Startseite","item":"https:\/\/fehlingsgruppe.de\/fr\/"},{"@type":"ListItem","position":2,"name":"Portefeuille","item":"https:\/\/fehlingsgruppe.de\/fr\/portefeuille\/"},{"@type":"ListItem","position":3,"name":"Construction d\u2019aiguillages"}]},{"@type":"WebSite","@id":"https:\/\/fehlingsgruppe.de\/fr\/#website","url":"https:\/\/fehlingsgruppe.de\/fr\/","name":"Fehlings Gruppe","description":"","publisher":{"@id":"https:\/\/fehlingsgruppe.de\/fr\/#organization"},"potentialAction":[{"@type":"SearchAction","target":{"@type":"EntryPoint","urlTemplate":"https:\/\/fehlingsgruppe.de\/fr\/?s={search_term_string}"},"query-input":{"@type":"PropertyValueSpecification","valueRequired":true,"valueName":"search_term_string"}}],"inLanguage":"fr-FR"},{"@type":"Organization","@id":"https:\/\/fehlingsgruppe.de\/fr\/#organization","name":"Fehlings Gruppe","url":"https:\/\/fehlingsgruppe.de\/fr\/","logo":{"@type":"ImageObject","inLanguage":"fr-FR","@id":"https:\/\/fehlingsgruppe.de\/fr\/#\/schema\/logo\/image\/","url":"https:\/\/fehlingsgruppe.de\/wp-content\/uploads\/2020\/12\/logo-fehlings-140.png","contentUrl":"https:\/\/fehlingsgruppe.de\/wp-content\/uploads\/2020\/12\/logo-fehlings-140.png","width":140,"height":140,"caption":"Fehlings Gruppe"},"image":{"@id":"https:\/\/fehlingsgruppe.de\/fr\/#\/schema\/logo\/image\/"}}]}},"_links":{"self":[{"href":"https:\/\/fehlingsgruppe.de\/fr\/wp-json\/wp\/v2\/pages\/1539","targetHints":{"allow":["GET"]}}],"collection":[{"href":"https:\/\/fehlingsgruppe.de\/fr\/wp-json\/wp\/v2\/pages"}],"about":[{"href":"https:\/\/fehlingsgruppe.de\/fr\/wp-json\/wp\/v2\/types\/page"}],"author":[{"embeddable":true,"href":"https:\/\/fehlingsgruppe.de\/fr\/wp-json\/wp\/v2\/users\/1"}],"replies":[{"embeddable":true,"href":"https:\/\/fehlingsgruppe.de\/fr\/wp-json\/wp\/v2\/comments?post=1539"}],"version-history":[{"count":14,"href":"https:\/\/fehlingsgruppe.de\/fr\/wp-json\/wp\/v2\/pages\/1539\/revisions"}],"predecessor-version":[{"id":3292,"href":"https:\/\/fehlingsgruppe.de\/fr\/wp-json\/wp\/v2\/pages\/1539\/revisions\/3292"}],"up":[{"embeddable":true,"href":"https:\/\/fehlingsgruppe.de\/fr\/wp-json\/wp\/v2\/pages\/1507"}],"wp:attachment":[{"href":"https:\/\/fehlingsgruppe.de\/fr\/wp-json\/wp\/v2\/media?parent=1539"}],"curies":[{"name":"wp","href":"https:\/\/api.w.org\/{rel}","templated":true}]}}