{"id":1345,"date":"2020-12-09T22:08:20","date_gmt":"2020-12-09T21:08:20","guid":{"rendered":"https:\/\/fehlingsgruppe.de\/portfel\/gleistechnik\/"},"modified":"2023-06-28T15:03:13","modified_gmt":"2023-06-28T13:03:13","slug":"technika-torowa","status":"publish","type":"page","link":"https:\/\/fehlingsgruppe.de\/pl\/portfel\/technika-torowa\/","title":{"rendered":"Technika Torowa"},"content":{"rendered":"\t\t<div data-elementor-type=\"wp-page\" data-elementor-id=\"1345\" class=\"elementor elementor-1345 elementor-282\" data-elementor-post-type=\"page\">\n\t\t\t\t\t\t<section class=\"elementor-section elementor-top-section elementor-element elementor-element-f38a0da elementor-section-height-min-height elementor-section-stretched head-slider elementor-section-boxed elementor-section-height-default elementor-section-items-middle\" data-id=\"f38a0da\" data-element_type=\"section\" data-e-type=\"section\" data-settings=\"{&quot;stretch_section&quot;:&quot;section-stretched&quot;,&quot;background_background&quot;:&quot;slideshow&quot;,&quot;background_slideshow_gallery&quot;:[{&quot;id&quot;:2102,&quot;url&quot;:&quot;https:\\\/\\\/fehlingsgruppe.de\\\/wp-content\\\/uploads\\\/2021\\\/03\\\/Fehlings_Kuenstler_Schiene_Schweissung_Hamm_opt-scaled.jpg&quot;},{&quot;id&quot;:2087,&quot;url&quot;:&quot;https:\\\/\\\/fehlingsgruppe.de\\\/wp-content\\\/uploads\\\/2021\\\/03\\\/Fehlings_Kuenstler_Fraes_Halle_Hamm_opt-scaled.jpg&quot;},{&quot;id&quot;:2047,&quot;url&quot;:&quot;https:\\\/\\\/fehlingsgruppe.de\\\/wp-content\\\/uploads\\\/2021\\\/03\\\/Fehlings_Aufplattanlage_Schwellen_Holz_Marl_opt-scaled.jpg&quot;}],&quot;background_slideshow_slide_transition&quot;:&quot;slide_left&quot;,&quot;background_slideshow_loop&quot;:&quot;yes&quot;,&quot;background_slideshow_slide_duration&quot;:5000,&quot;background_slideshow_transition_duration&quot;:500}\">\n\t\t\t\t\t\t<div class=\"elementor-container elementor-column-gap-default\">\n\t\t\t\t\t<div class=\"elementor-column elementor-col-50 elementor-top-column elementor-element elementor-element-2c32c39\" data-id=\"2c32c39\" data-element_type=\"column\" data-e-type=\"column\" data-settings=\"{&quot;background_background&quot;:&quot;classic&quot;}\">\n\t\t\t<div class=\"elementor-widget-wrap elementor-element-populated\">\n\t\t\t\t\t\t<div class=\"elementor-element elementor-element-3b974d4 elementor-widget elementor-widget-heading\" data-id=\"3b974d4\" data-element_type=\"widget\" data-e-type=\"widget\" data-widget_type=\"heading.default\">\n\t\t\t\t<div class=\"elementor-widget-container\">\n\t\t\t\t\t<h1 class=\"elementor-heading-title elementor-size-default\">Gleistechnik<\/h1>\t\t\t\t<\/div>\n\t\t\t\t<\/div>\n\t\t\t\t\t<\/div>\n\t\t<\/div>\n\t\t\t\t<div class=\"elementor-column elementor-col-50 elementor-top-column elementor-element elementor-element-2e4c8be\" data-id=\"2e4c8be\" data-element_type=\"column\" data-e-type=\"column\">\n\t\t\t<div class=\"elementor-widget-wrap\">\n\t\t\t\t\t\t\t<\/div>\n\t\t<\/div>\n\t\t\t\t\t<\/div>\n\t\t<\/section>\n\t\t\t\t<section class=\"elementor-section elementor-top-section elementor-element elementor-element-071fe58 elementor-reverse-mobile elementor-section-boxed elementor-section-height-default elementor-section-height-default\" data-id=\"071fe58\" data-element_type=\"section\" data-e-type=\"section\">\n\t\t\t\t\t\t<div class=\"elementor-container elementor-column-gap-no\">\n\t\t\t\t\t<div class=\"elementor-column elementor-col-50 elementor-top-column elementor-element elementor-element-d7030ba\" data-id=\"d7030ba\" data-element_type=\"column\" data-e-type=\"column\">\n\t\t\t<div class=\"elementor-widget-wrap elementor-element-populated\">\n\t\t\t\t\t\t<div class=\"elementor-element elementor-element-0ea6d58 elementor-widget elementor-widget-image\" data-id=\"0ea6d58\" data-element_type=\"widget\" data-e-type=\"widget\" data-widget_type=\"image.default\">\n\t\t\t\t<div class=\"elementor-widget-container\">\n\t\t\t\t\t\t\t\t\t\t\t\t\t\t\t<img fetchpriority=\"high\" decoding=\"async\" width=\"1050\" height=\"700\" src=\"https:\/\/fehlingsgruppe.de\/wp-content\/uploads\/2021\/03\/Fehlings_Schienenmontage_Scholven_opt.jpg\" class=\"attachment-full size-full wp-image-2141\" alt=\"\" srcset=\"https:\/\/fehlingsgruppe.de\/wp-content\/uploads\/2021\/03\/Fehlings_Schienenmontage_Scholven_opt.jpg 1050w, https:\/\/fehlingsgruppe.de\/wp-content\/uploads\/2021\/03\/Fehlings_Schienenmontage_Scholven_opt-300x200.jpg 300w, https:\/\/fehlingsgruppe.de\/wp-content\/uploads\/2021\/03\/Fehlings_Schienenmontage_Scholven_opt-1024x683.jpg 1024w, https:\/\/fehlingsgruppe.de\/wp-content\/uploads\/2021\/03\/Fehlings_Schienenmontage_Scholven_opt-768x512.jpg 768w\" sizes=\"(max-width: 1050px) 100vw, 1050px\" \/>\t\t\t\t\t\t\t\t\t\t\t\t\t\t\t<\/div>\n\t\t\t\t<\/div>\n\t\t\t\t\t<\/div>\n\t\t<\/div>\n\t\t\t\t<div class=\"elementor-column elementor-col-50 elementor-top-column elementor-element elementor-element-9351ca8\" data-id=\"9351ca8\" data-element_type=\"column\" data-e-type=\"column\">\n\t\t\t<div class=\"elementor-widget-wrap elementor-element-populated\">\n\t\t\t\t\t\t<div class=\"elementor-element elementor-element-4d7e8e1 elementor-widget elementor-widget-text-editor\" data-id=\"4d7e8e1\" data-element_type=\"widget\" data-e-type=\"widget\" data-widget_type=\"text-editor.default\">\n\t\t\t\t<div class=\"elementor-widget-container\">\n\t\t\t\t\t\t\t\t\t<h3>GLEISTECHNIK<\/h3>\n<p>Die FEHLINGS GRUPPE bietet als Systemanbieter im Oberbau ganzheitliche Lo\u0308sungen fu\u0308r nachfolgende Unternehmen an:<\/p>\n<ul>\n<li>Industriebetriebe<\/li>\n<li>Regional- und Staatsbahnen<\/li>\n<li>Nahverkehrsunternehmen<\/li>\n<\/ul>\n<p>Unser Produktportfolio umfasst sowohl Neu- als auch Gebrauchtstoffe.<\/p>\n\t\t\t\t\t\t\t\t<\/div>\n\t\t\t\t<\/div>\n\t\t\t\t\t<\/div>\n\t\t<\/div>\n\t\t\t\t\t<\/div>\n\t\t<\/section>\n\t\t\t\t<section class=\"elementor-section elementor-top-section elementor-element elementor-element-7f3a7bf elementor-section-boxed elementor-section-height-default elementor-section-height-default\" data-id=\"7f3a7bf\" data-element_type=\"section\" data-e-type=\"section\">\n\t\t\t\t\t\t<div class=\"elementor-container elementor-column-gap-no\">\n\t\t\t\t\t<div class=\"elementor-column elementor-col-50 elementor-top-column elementor-element elementor-element-b2767b5\" data-id=\"b2767b5\" data-element_type=\"column\" data-e-type=\"column\">\n\t\t\t<div class=\"elementor-widget-wrap elementor-element-populated\">\n\t\t\t\t\t\t<div class=\"elementor-element elementor-element-754fca3 elementor-widget elementor-widget-text-editor\" data-id=\"754fca3\" data-element_type=\"widget\" data-e-type=\"widget\" data-widget_type=\"text-editor.default\">\n\t\t\t\t<div class=\"elementor-widget-container\">\n\t\t\t\t\t\t\t\t\t<h3>LIEFERUNG VON NEUSTOFFEN<\/h3>\n<ul>\n<li>Gleisschwellen aus Holz, Stahl, Kunststoff und Beton in allen Abmessungen und Typen, einschlie\u00dflich Sonderl\u00f6sungen wie z. B. Schwerlastausf\u00fchrung, Fang- und F\u00fchrungsvorrichtungen<\/li>\n<li>Weichenschwellen aus Holz, Beton und Kunststoff, einschl. Sonderl\u00f6sungen wie z. B. vorgebohrte Weichenschwellens\u00e4tze aus Holz<\/li>\n<li>Br\u00fcckenschwellen aus Holz und Kunststoff, einschl. Bearbeitung nach Fr\u00e4\u00df- und Hobelpl\u00e4nen<\/li>\n<li>Vignolschienen in L\u00e4ngen bis 120 Meter in allen Regelg\u00fcten und Sonderg\u00fcten<\/li>\n<li>Rillenschienen in L\u00e4ngen bis 18 Meter in allen Regelg\u00fcten und Sonderg\u00fcten<\/li>\n<li>Weichen, Weichenteile, Kreuzungen und Herzst\u00fccke<\/li>\n<li>Gleisjochen, Gleisrahmen und -b\u00f6gen<\/li>\n<li>Radlenker<\/li>\n<li>Zungenvorrichtungen<\/li>\n<li>Prellb\u00f6cke und Gleisabschl\u00fcsse<\/li>\n<li>Kleineisen<\/li>\n<li>Elastische Systeme<\/li>\n<li>Weichenantriebe<\/li>\n<li>Montage von Gleisrahmen<\/li>\n<li>Weichenantriebe, Laschen, K\u00e4sten f\u00fcr die Entw\u00e4sserung und vieles mehr<\/li>\n<li>VeloGleis<\/li>\n<\/ul>\n\t\t\t\t\t\t\t\t<\/div>\n\t\t\t\t<\/div>\n\t\t\t\t\t<\/div>\n\t\t<\/div>\n\t\t\t\t<div class=\"elementor-column elementor-col-50 elementor-top-column elementor-element elementor-element-c07e00d\" data-id=\"c07e00d\" data-element_type=\"column\" data-e-type=\"column\">\n\t\t\t<div class=\"elementor-widget-wrap elementor-element-populated\">\n\t\t\t\t\t\t<div class=\"elementor-element elementor-element-d91d18c elementor-widget elementor-widget-image\" data-id=\"d91d18c\" data-element_type=\"widget\" data-e-type=\"widget\" data-widget_type=\"image.default\">\n\t\t\t\t<div class=\"elementor-widget-container\">\n\t\t\t\t\t\t\t\t\t\t\t\t\t\t\t<img decoding=\"async\" width=\"740\" height=\"980\" src=\"https:\/\/fehlingsgruppe.de\/wp-content\/uploads\/2020\/12\/Schienen_verklebt_HW.jpg\" class=\"attachment-full size-full wp-image-1369\" alt=\"\" srcset=\"https:\/\/fehlingsgruppe.de\/wp-content\/uploads\/2020\/12\/Schienen_verklebt_HW.jpg 740w, https:\/\/fehlingsgruppe.de\/wp-content\/uploads\/2020\/12\/Schienen_verklebt_HW-227x300.jpg 227w\" sizes=\"(max-width: 740px) 100vw, 740px\" \/>\t\t\t\t\t\t\t\t\t\t\t\t\t\t\t<\/div>\n\t\t\t\t<\/div>\n\t\t\t\t\t<\/div>\n\t\t<\/div>\n\t\t\t\t\t<\/div>\n\t\t<\/section>\n\t\t\t\t<section class=\"elementor-section elementor-top-section elementor-element elementor-element-ffb9a5d elementor-reverse-mobile elementor-section-boxed elementor-section-height-default elementor-section-height-default\" data-id=\"ffb9a5d\" data-element_type=\"section\" data-e-type=\"section\">\n\t\t\t\t\t\t<div class=\"elementor-container elementor-column-gap-no\">\n\t\t\t\t\t<div class=\"elementor-column elementor-col-50 elementor-top-column elementor-element elementor-element-cd4b616\" data-id=\"cd4b616\" data-element_type=\"column\" data-e-type=\"column\">\n\t\t\t<div class=\"elementor-widget-wrap elementor-element-populated\">\n\t\t\t\t\t\t<div class=\"elementor-element elementor-element-cd8eb9f elementor-widget elementor-widget-image\" data-id=\"cd8eb9f\" data-element_type=\"widget\" data-e-type=\"widget\" data-widget_type=\"image.default\">\n\t\t\t\t<div class=\"elementor-widget-container\">\n\t\t\t\t\t\t\t\t\t\t\t\t\t\t\t<img decoding=\"async\" width=\"2560\" height=\"2560\" src=\"https:\/\/fehlingsgruppe.de\/wp-content\/uploads\/2021\/03\/Fehlings_Schienen_gebraucht_Detail_Scholven_opt-scaled.jpg\" class=\"attachment-full size-full wp-image-2136\" alt=\"\" srcset=\"https:\/\/fehlingsgruppe.de\/wp-content\/uploads\/2021\/03\/Fehlings_Schienen_gebraucht_Detail_Scholven_opt-scaled.jpg 2560w, https:\/\/fehlingsgruppe.de\/wp-content\/uploads\/2021\/03\/Fehlings_Schienen_gebraucht_Detail_Scholven_opt-300x300.jpg 300w, https:\/\/fehlingsgruppe.de\/wp-content\/uploads\/2021\/03\/Fehlings_Schienen_gebraucht_Detail_Scholven_opt-1024x1024.jpg 1024w, https:\/\/fehlingsgruppe.de\/wp-content\/uploads\/2021\/03\/Fehlings_Schienen_gebraucht_Detail_Scholven_opt-150x150.jpg 150w, https:\/\/fehlingsgruppe.de\/wp-content\/uploads\/2021\/03\/Fehlings_Schienen_gebraucht_Detail_Scholven_opt-768x768.jpg 768w, https:\/\/fehlingsgruppe.de\/wp-content\/uploads\/2021\/03\/Fehlings_Schienen_gebraucht_Detail_Scholven_opt-1536x1536.jpg 1536w, https:\/\/fehlingsgruppe.de\/wp-content\/uploads\/2021\/03\/Fehlings_Schienen_gebraucht_Detail_Scholven_opt-2048x2048.jpg 2048w\" sizes=\"(max-width: 2560px) 100vw, 2560px\" \/>\t\t\t\t\t\t\t\t\t\t\t\t\t\t\t<\/div>\n\t\t\t\t<\/div>\n\t\t\t\t\t<\/div>\n\t\t<\/div>\n\t\t\t\t<div class=\"elementor-column elementor-col-50 elementor-top-column elementor-element elementor-element-61f64ac\" data-id=\"61f64ac\" data-element_type=\"column\" data-e-type=\"column\">\n\t\t\t<div class=\"elementor-widget-wrap elementor-element-populated\">\n\t\t\t\t\t\t<div class=\"elementor-element elementor-element-9e421c6 elementor-widget elementor-widget-text-editor\" data-id=\"9e421c6\" data-element_type=\"widget\" data-e-type=\"widget\" data-widget_type=\"text-editor.default\">\n\t\t\t\t<div class=\"elementor-widget-container\">\n\t\t\t\t\t\t\t\t\t<h3>LIEFERUNG VON GEBRAUCHTSTOFFEN<\/h3>\n<ul>\n<li>Gleis- und Weichenschwellen aus Holz und Beton in allen Abmessungen und Typen<\/li>\n<li>Aufarbeitung von gebrauchten Holzschwellen, Fr\u00e4sung, Bohrung und Aufplattung<\/li>\n<li>Stahlschwellen<\/li>\n<li>Vignol- und Rillenschienen bis 30 Meter<\/li>\n<li>Weichen<\/li>\n<li>Gleisjochen<\/li>\n<li>Prellb\u00f6cke<\/li>\n<li>Kleineisen<\/li>\n<\/ul>\n\t\t\t\t\t\t\t\t<\/div>\n\t\t\t\t<\/div>\n\t\t\t\t\t<\/div>\n\t\t<\/div>\n\t\t\t\t\t<\/div>\n\t\t<\/section>\n\t\t\t\t<\/div>\n\t\t","protected":false},"excerpt":{"rendered":"<p>Gleistechnik GLEISTECHNIK Die FEHLINGS GRUPPE bietet als Systemanbieter im Oberbau ganzheitliche Lo\u0308sungen fu\u0308r nachfolgende Unternehmen an: Industriebetriebe Regional- und Staatsbahnen Nahverkehrsunternehmen Unser Produktportfolio umfasst sowohl Neu- als auch Gebrauchtstoffe. LIEFERUNG VON NEUSTOFFEN Gleisschwellen aus Holz, Stahl, Kunststoff und Beton in allen Abmessungen und Typen, einschlie\u00dflich Sonderl\u00f6sungen wie z. B. Schwerlastausf\u00fchrung, Fang- und F\u00fchrungsvorrichtungen Weichenschwellen aus [&hellip;]<\/p>\n","protected":false},"author":1,"featured_media":0,"parent":1343,"menu_order":0,"comment_status":"closed","ping_status":"closed","template":"","meta":{"site-sidebar-layout":"no-sidebar","site-content-layout":"default","ast-site-content-layout":"default","site-content-style":"default","site-sidebar-style":"default","ast-global-header-display":"","ast-banner-title-visibility":"","ast-main-header-display":"","ast-hfb-above-header-display":"","ast-hfb-below-header-display":"","ast-hfb-mobile-header-display":"","site-post-title":"disabled","ast-breadcrumbs-content":"","ast-featured-img":"","footer-sml-layout":"","ast-disable-related-posts":"","theme-transparent-header-meta":"default","adv-header-id-meta":"","stick-header-meta":"default","header-above-stick-meta":"","header-main-stick-meta":"","header-below-stick-meta":"","astra-migrate-meta-layouts":"default","ast-page-background-enabled":"default","ast-page-background-meta":{"desktop":{"background-color":"","background-image":"","background-repeat":"repeat","background-position":"center center","background-size":"auto","background-attachment":"scroll","background-type":"","background-media":"","overlay-type":"","overlay-color":"","overlay-opacity":"","overlay-gradient":""},"tablet":{"background-color":"","background-image":"","background-repeat":"repeat","background-position":"center center","background-size":"auto","background-attachment":"scroll","background-type":"","background-media":"","overlay-type":"","overlay-color":"","overlay-opacity":"","overlay-gradient":""},"mobile":{"background-color":"","background-image":"","background-repeat":"repeat","background-position":"center center","background-size":"auto","background-attachment":"scroll","background-type":"","background-media":"","overlay-type":"","overlay-color":"","overlay-opacity":"","overlay-gradient":""}},"ast-content-background-meta":{"desktop":{"background-color":"var(--ast-global-color-5)","background-image":"","background-repeat":"repeat","background-position":"center center","background-size":"auto","background-attachment":"scroll","background-type":"","background-media":"","overlay-type":"","overlay-color":"","overlay-opacity":"","overlay-gradient":""},"tablet":{"background-color":"var(--ast-global-color-5)","background-image":"","background-repeat":"repeat","background-position":"center center","background-size":"auto","background-attachment":"scroll","background-type":"","background-media":"","overlay-type":"","overlay-color":"","overlay-opacity":"","overlay-gradient":""},"mobile":{"background-color":"var(--ast-global-color-5)","background-image":"","background-repeat":"repeat","background-position":"center center","background-size":"auto","background-attachment":"scroll","background-type":"","background-media":"","overlay-type":"","overlay-color":"","overlay-opacity":"","overlay-gradient":""}},"footnotes":""},"class_list":["post-1345","page","type-page","status-publish","hentry"],"yoast_head":"<!-- This site is optimized with the Yoast SEO plugin v27.6 - https:\/\/yoast.com\/product\/yoast-seo-wordpress\/ -->\n<title>Technika Torowa - Fehlings Gruppe<\/title>\n<meta name=\"robots\" content=\"index, follow, max-snippet:-1, max-image-preview:large, max-video-preview:-1\" \/>\n<link rel=\"canonical\" href=\"https:\/\/fehlingsgruppe.de\/pl\/portfel\/technika-torowa\/\" \/>\n<meta property=\"og:locale\" content=\"pl_PL\" \/>\n<meta property=\"og:type\" content=\"article\" \/>\n<meta property=\"og:title\" content=\"Technika Torowa - Fehlings Gruppe\" \/>\n<meta property=\"og:description\" content=\"Gleistechnik GLEISTECHNIK Die FEHLINGS GRUPPE bietet als Systemanbieter im Oberbau ganzheitliche Lo\u0308sungen fu\u0308r nachfolgende Unternehmen an: Industriebetriebe Regional- und Staatsbahnen Nahverkehrsunternehmen Unser Produktportfolio umfasst sowohl Neu- als auch Gebrauchtstoffe. LIEFERUNG VON NEUSTOFFEN Gleisschwellen aus Holz, Stahl, Kunststoff und Beton in allen Abmessungen und Typen, einschlie\u00dflich Sonderl\u00f6sungen wie z. B. Schwerlastausf\u00fchrung, Fang- und F\u00fchrungsvorrichtungen Weichenschwellen aus [&hellip;]\" \/>\n<meta property=\"og:url\" content=\"https:\/\/fehlingsgruppe.de\/pl\/portfel\/technika-torowa\/\" \/>\n<meta property=\"og:site_name\" content=\"Fehlings Gruppe\" \/>\n<meta property=\"article:modified_time\" content=\"2023-06-28T13:03:13+00:00\" \/>\n<meta property=\"og:image\" content=\"https:\/\/fehlingsgruppe.de\/wp-content\/uploads\/2021\/03\/Fehlings_Schienenmontage_Scholven_opt.jpg\" \/>\n<meta name=\"twitter:card\" content=\"summary_large_image\" \/>\n<meta name=\"twitter:label1\" content=\"Szacowany czas czytania\" \/>\n\t<meta name=\"twitter:data1\" content=\"2 minuty\" \/>\n<script type=\"application\/ld+json\" class=\"yoast-schema-graph\">{\"@context\":\"https:\\\/\\\/schema.org\",\"@graph\":[{\"@type\":\"WebPage\",\"@id\":\"https:\\\/\\\/fehlingsgruppe.de\\\/pl\\\/portfel\\\/technika-torowa\\\/\",\"url\":\"https:\\\/\\\/fehlingsgruppe.de\\\/pl\\\/portfel\\\/technika-torowa\\\/\",\"name\":\"Technika Torowa - Fehlings Gruppe\",\"isPartOf\":{\"@id\":\"https:\\\/\\\/fehlingsgruppe.de\\\/pl\\\/#website\"},\"primaryImageOfPage\":{\"@id\":\"https:\\\/\\\/fehlingsgruppe.de\\\/pl\\\/portfel\\\/technika-torowa\\\/#primaryimage\"},\"image\":{\"@id\":\"https:\\\/\\\/fehlingsgruppe.de\\\/pl\\\/portfel\\\/technika-torowa\\\/#primaryimage\"},\"thumbnailUrl\":\"https:\\\/\\\/fehlingsgruppe.de\\\/wp-content\\\/uploads\\\/2021\\\/03\\\/Fehlings_Schienenmontage_Scholven_opt.jpg\",\"datePublished\":\"2020-12-09T21:08:20+00:00\",\"dateModified\":\"2023-06-28T13:03:13+00:00\",\"breadcrumb\":{\"@id\":\"https:\\\/\\\/fehlingsgruppe.de\\\/pl\\\/portfel\\\/technika-torowa\\\/#breadcrumb\"},\"inLanguage\":\"pl-PL\",\"potentialAction\":[{\"@type\":\"ReadAction\",\"target\":[\"https:\\\/\\\/fehlingsgruppe.de\\\/pl\\\/portfel\\\/technika-torowa\\\/\"]}]},{\"@type\":\"ImageObject\",\"inLanguage\":\"pl-PL\",\"@id\":\"https:\\\/\\\/fehlingsgruppe.de\\\/pl\\\/portfel\\\/technika-torowa\\\/#primaryimage\",\"url\":\"https:\\\/\\\/fehlingsgruppe.de\\\/wp-content\\\/uploads\\\/2021\\\/03\\\/Fehlings_Schienenmontage_Scholven_opt.jpg\",\"contentUrl\":\"https:\\\/\\\/fehlingsgruppe.de\\\/wp-content\\\/uploads\\\/2021\\\/03\\\/Fehlings_Schienenmontage_Scholven_opt.jpg\"},{\"@type\":\"BreadcrumbList\",\"@id\":\"https:\\\/\\\/fehlingsgruppe.de\\\/pl\\\/portfel\\\/technika-torowa\\\/#breadcrumb\",\"itemListElement\":[{\"@type\":\"ListItem\",\"position\":1,\"name\":\"Startseite\",\"item\":\"https:\\\/\\\/fehlingsgruppe.de\\\/pl\\\/\"},{\"@type\":\"ListItem\",\"position\":2,\"name\":\"Portfel\",\"item\":\"https:\\\/\\\/fehlingsgruppe.de\\\/pl\\\/portfel\\\/\"},{\"@type\":\"ListItem\",\"position\":3,\"name\":\"Technika Torowa\"}]},{\"@type\":\"WebSite\",\"@id\":\"https:\\\/\\\/fehlingsgruppe.de\\\/pl\\\/#website\",\"url\":\"https:\\\/\\\/fehlingsgruppe.de\\\/pl\\\/\",\"name\":\"Fehlings Gruppe\",\"description\":\"\",\"publisher\":{\"@id\":\"https:\\\/\\\/fehlingsgruppe.de\\\/pl\\\/#organization\"},\"potentialAction\":[{\"@type\":\"SearchAction\",\"target\":{\"@type\":\"EntryPoint\",\"urlTemplate\":\"https:\\\/\\\/fehlingsgruppe.de\\\/pl\\\/?s={search_term_string}\"},\"query-input\":{\"@type\":\"PropertyValueSpecification\",\"valueRequired\":true,\"valueName\":\"search_term_string\"}}],\"inLanguage\":\"pl-PL\"},{\"@type\":\"Organization\",\"@id\":\"https:\\\/\\\/fehlingsgruppe.de\\\/pl\\\/#organization\",\"name\":\"Fehlings Gruppe\",\"url\":\"https:\\\/\\\/fehlingsgruppe.de\\\/pl\\\/\",\"logo\":{\"@type\":\"ImageObject\",\"inLanguage\":\"pl-PL\",\"@id\":\"https:\\\/\\\/fehlingsgruppe.de\\\/pl\\\/#\\\/schema\\\/logo\\\/image\\\/\",\"url\":\"https:\\\/\\\/fehlingsgruppe.de\\\/wp-content\\\/uploads\\\/2020\\\/12\\\/logo-fehlings-140.png\",\"contentUrl\":\"https:\\\/\\\/fehlingsgruppe.de\\\/wp-content\\\/uploads\\\/2020\\\/12\\\/logo-fehlings-140.png\",\"width\":140,\"height\":140,\"caption\":\"Fehlings Gruppe\"},\"image\":{\"@id\":\"https:\\\/\\\/fehlingsgruppe.de\\\/pl\\\/#\\\/schema\\\/logo\\\/image\\\/\"}}]}<\/script>\n<!-- \/ Yoast SEO plugin. -->","yoast_head_json":{"title":"Technika Torowa - Fehlings Gruppe","robots":{"index":"index","follow":"follow","max-snippet":"max-snippet:-1","max-image-preview":"max-image-preview:large","max-video-preview":"max-video-preview:-1"},"canonical":"https:\/\/fehlingsgruppe.de\/pl\/portfel\/technika-torowa\/","og_locale":"pl_PL","og_type":"article","og_title":"Technika Torowa - Fehlings Gruppe","og_description":"Gleistechnik GLEISTECHNIK Die FEHLINGS GRUPPE bietet als Systemanbieter im Oberbau ganzheitliche Lo\u0308sungen fu\u0308r nachfolgende Unternehmen an: Industriebetriebe Regional- und Staatsbahnen Nahverkehrsunternehmen Unser Produktportfolio umfasst sowohl Neu- als auch Gebrauchtstoffe. LIEFERUNG VON NEUSTOFFEN Gleisschwellen aus Holz, Stahl, Kunststoff und Beton in allen Abmessungen und Typen, einschlie\u00dflich Sonderl\u00f6sungen wie z. B. Schwerlastausf\u00fchrung, Fang- und F\u00fchrungsvorrichtungen Weichenschwellen aus [&hellip;]","og_url":"https:\/\/fehlingsgruppe.de\/pl\/portfel\/technika-torowa\/","og_site_name":"Fehlings Gruppe","article_modified_time":"2023-06-28T13:03:13+00:00","og_image":[{"url":"https:\/\/fehlingsgruppe.de\/wp-content\/uploads\/2021\/03\/Fehlings_Schienenmontage_Scholven_opt.jpg","type":"","width":"","height":""}],"twitter_card":"summary_large_image","twitter_misc":{"Szacowany czas czytania":"2 minuty"},"schema":{"@context":"https:\/\/schema.org","@graph":[{"@type":"WebPage","@id":"https:\/\/fehlingsgruppe.de\/pl\/portfel\/technika-torowa\/","url":"https:\/\/fehlingsgruppe.de\/pl\/portfel\/technika-torowa\/","name":"Technika Torowa - Fehlings Gruppe","isPartOf":{"@id":"https:\/\/fehlingsgruppe.de\/pl\/#website"},"primaryImageOfPage":{"@id":"https:\/\/fehlingsgruppe.de\/pl\/portfel\/technika-torowa\/#primaryimage"},"image":{"@id":"https:\/\/fehlingsgruppe.de\/pl\/portfel\/technika-torowa\/#primaryimage"},"thumbnailUrl":"https:\/\/fehlingsgruppe.de\/wp-content\/uploads\/2021\/03\/Fehlings_Schienenmontage_Scholven_opt.jpg","datePublished":"2020-12-09T21:08:20+00:00","dateModified":"2023-06-28T13:03:13+00:00","breadcrumb":{"@id":"https:\/\/fehlingsgruppe.de\/pl\/portfel\/technika-torowa\/#breadcrumb"},"inLanguage":"pl-PL","potentialAction":[{"@type":"ReadAction","target":["https:\/\/fehlingsgruppe.de\/pl\/portfel\/technika-torowa\/"]}]},{"@type":"ImageObject","inLanguage":"pl-PL","@id":"https:\/\/fehlingsgruppe.de\/pl\/portfel\/technika-torowa\/#primaryimage","url":"https:\/\/fehlingsgruppe.de\/wp-content\/uploads\/2021\/03\/Fehlings_Schienenmontage_Scholven_opt.jpg","contentUrl":"https:\/\/fehlingsgruppe.de\/wp-content\/uploads\/2021\/03\/Fehlings_Schienenmontage_Scholven_opt.jpg"},{"@type":"BreadcrumbList","@id":"https:\/\/fehlingsgruppe.de\/pl\/portfel\/technika-torowa\/#breadcrumb","itemListElement":[{"@type":"ListItem","position":1,"name":"Startseite","item":"https:\/\/fehlingsgruppe.de\/pl\/"},{"@type":"ListItem","position":2,"name":"Portfel","item":"https:\/\/fehlingsgruppe.de\/pl\/portfel\/"},{"@type":"ListItem","position":3,"name":"Technika Torowa"}]},{"@type":"WebSite","@id":"https:\/\/fehlingsgruppe.de\/pl\/#website","url":"https:\/\/fehlingsgruppe.de\/pl\/","name":"Fehlings Gruppe","description":"","publisher":{"@id":"https:\/\/fehlingsgruppe.de\/pl\/#organization"},"potentialAction":[{"@type":"SearchAction","target":{"@type":"EntryPoint","urlTemplate":"https:\/\/fehlingsgruppe.de\/pl\/?s={search_term_string}"},"query-input":{"@type":"PropertyValueSpecification","valueRequired":true,"valueName":"search_term_string"}}],"inLanguage":"pl-PL"},{"@type":"Organization","@id":"https:\/\/fehlingsgruppe.de\/pl\/#organization","name":"Fehlings Gruppe","url":"https:\/\/fehlingsgruppe.de\/pl\/","logo":{"@type":"ImageObject","inLanguage":"pl-PL","@id":"https:\/\/fehlingsgruppe.de\/pl\/#\/schema\/logo\/image\/","url":"https:\/\/fehlingsgruppe.de\/wp-content\/uploads\/2020\/12\/logo-fehlings-140.png","contentUrl":"https:\/\/fehlingsgruppe.de\/wp-content\/uploads\/2020\/12\/logo-fehlings-140.png","width":140,"height":140,"caption":"Fehlings Gruppe"},"image":{"@id":"https:\/\/fehlingsgruppe.de\/pl\/#\/schema\/logo\/image\/"}}]}},"_links":{"self":[{"href":"https:\/\/fehlingsgruppe.de\/pl\/wp-json\/wp\/v2\/pages\/1345","targetHints":{"allow":["GET"]}}],"collection":[{"href":"https:\/\/fehlingsgruppe.de\/pl\/wp-json\/wp\/v2\/pages"}],"about":[{"href":"https:\/\/fehlingsgruppe.de\/pl\/wp-json\/wp\/v2\/types\/page"}],"author":[{"embeddable":true,"href":"https:\/\/fehlingsgruppe.de\/pl\/wp-json\/wp\/v2\/users\/1"}],"replies":[{"embeddable":true,"href":"https:\/\/fehlingsgruppe.de\/pl\/wp-json\/wp\/v2\/comments?post=1345"}],"version-history":[{"count":15,"href":"https:\/\/fehlingsgruppe.de\/pl\/wp-json\/wp\/v2\/pages\/1345\/revisions"}],"predecessor-version":[{"id":3280,"href":"https:\/\/fehlingsgruppe.de\/pl\/wp-json\/wp\/v2\/pages\/1345\/revisions\/3280"}],"up":[{"embeddable":true,"href":"https:\/\/fehlingsgruppe.de\/pl\/wp-json\/wp\/v2\/pages\/1343"}],"wp:attachment":[{"href":"https:\/\/fehlingsgruppe.de\/pl\/wp-json\/wp\/v2\/media?parent=1345"}],"curies":[{"name":"wp","href":"https:\/\/api.w.org\/{rel}","templated":true}]}}