{"id":1386,"date":"2020-12-09T22:53:16","date_gmt":"2020-12-09T21:53:16","guid":{"rendered":"https:\/\/fehlingsgruppe.de\/portfel\/kranbahntechnik\/"},"modified":"2021-03-17T01:32:26","modified_gmt":"2021-03-17T00:32:26","slug":"sektor-urzadzen-dzwigowych-i-suwnic-specjalistycznych","status":"publish","type":"page","link":"https:\/\/fehlingsgruppe.de\/pl\/portfel\/sektor-urzadzen-dzwigowych-i-suwnic-specjalistycznych\/","title":{"rendered":"Sektor urz\u0105dze\u0144 d\u017awigowych i suwnic specjalistycznych"},"content":{"rendered":"\t\t<div data-elementor-type=\"wp-page\" data-elementor-id=\"1386\" class=\"elementor elementor-1386 elementor-336\" data-elementor-post-type=\"page\">\n\t\t\t\t\t\t<section class=\"elementor-section elementor-top-section elementor-element elementor-element-f38a0da elementor-section-height-min-height elementor-section-stretched head-slider elementor-section-boxed elementor-section-height-default elementor-section-items-middle\" data-id=\"f38a0da\" data-element_type=\"section\" data-e-type=\"section\" data-settings=\"{&quot;stretch_section&quot;:&quot;section-stretched&quot;,&quot;background_background&quot;:&quot;slideshow&quot;,&quot;background_slideshow_gallery&quot;:[{&quot;id&quot;:1361,&quot;url&quot;:&quot;https:\\\/\\\/fehlingsgruppe.de\\\/wp-content\\\/uploads\\\/2020\\\/12\\\/Slider_Kranbahntechnik_3-1.jpg&quot;},{&quot;id&quot;:1359,&quot;url&quot;:&quot;https:\\\/\\\/fehlingsgruppe.de\\\/wp-content\\\/uploads\\\/2020\\\/12\\\/Slider_Kranbahntechnik_1-1.jpg&quot;},{&quot;id&quot;:2210,&quot;url&quot;:&quot;https:\\\/\\\/fehlingsgruppe.de\\\/wp-content\\\/uploads\\\/2021\\\/03\\\/Fehlings_Krug_Kranbahn_Slider_opt.jpg&quot;}],&quot;background_slideshow_slide_transition&quot;:&quot;slide_left&quot;,&quot;background_slideshow_loop&quot;:&quot;yes&quot;,&quot;background_slideshow_slide_duration&quot;:5000,&quot;background_slideshow_transition_duration&quot;:500}\">\n\t\t\t\t\t\t<div class=\"elementor-container elementor-column-gap-default\">\n\t\t\t\t\t<div class=\"elementor-column elementor-col-50 elementor-top-column elementor-element elementor-element-2c32c39\" data-id=\"2c32c39\" data-element_type=\"column\" data-e-type=\"column\" data-settings=\"{&quot;background_background&quot;:&quot;classic&quot;}\">\n\t\t\t<div class=\"elementor-widget-wrap elementor-element-populated\">\n\t\t\t\t\t\t<div class=\"elementor-element elementor-element-3b974d4 elementor-widget elementor-widget-heading\" data-id=\"3b974d4\" data-element_type=\"widget\" data-e-type=\"widget\" data-widget_type=\"heading.default\">\n\t\t\t\t<div class=\"elementor-widget-container\">\n\t\t\t\t\t<h1 class=\"elementor-heading-title elementor-size-default\">Sektor urz\u0105dze\u0144 d\u017awigowych i suwnic specjalistycznych<\/h1>\t\t\t\t<\/div>\n\t\t\t\t<\/div>\n\t\t\t\t\t<\/div>\n\t\t<\/div>\n\t\t\t\t<div class=\"elementor-column elementor-col-50 elementor-top-column elementor-element elementor-element-2e4c8be\" data-id=\"2e4c8be\" data-element_type=\"column\" data-e-type=\"column\">\n\t\t\t<div class=\"elementor-widget-wrap\">\n\t\t\t\t\t\t\t<\/div>\n\t\t<\/div>\n\t\t\t\t\t<\/div>\n\t\t<\/section>\n\t\t\t\t<section class=\"elementor-section elementor-top-section elementor-element elementor-element-071fe58 elementor-reverse-mobile elementor-section-boxed elementor-section-height-default elementor-section-height-default\" data-id=\"071fe58\" data-element_type=\"section\" data-e-type=\"section\">\n\t\t\t\t\t\t<div class=\"elementor-container elementor-column-gap-no\">\n\t\t\t\t\t<div class=\"elementor-column elementor-col-50 elementor-top-column elementor-element elementor-element-d7030ba\" data-id=\"d7030ba\" data-element_type=\"column\" data-e-type=\"column\">\n\t\t\t<div class=\"elementor-widget-wrap elementor-element-populated\">\n\t\t\t\t\t\t<div class=\"elementor-element elementor-element-0ea6d58 elementor-widget elementor-widget-image\" data-id=\"0ea6d58\" data-element_type=\"widget\" data-e-type=\"widget\" data-widget_type=\"image.default\">\n\t\t\t\t<div class=\"elementor-widget-container\">\n\t\t\t\t\t\t\t\t\t\t\t\t\t\t\t<img fetchpriority=\"high\" decoding=\"async\" width=\"740\" height=\"570\" src=\"https:\/\/fehlingsgruppe.de\/wp-content\/uploads\/2020\/12\/Kranbahntechnik_1.jpg\" class=\"attachment-full size-full wp-image-1365\" alt=\"\" srcset=\"https:\/\/fehlingsgruppe.de\/wp-content\/uploads\/2020\/12\/Kranbahntechnik_1.jpg 740w, https:\/\/fehlingsgruppe.de\/wp-content\/uploads\/2020\/12\/Kranbahntechnik_1-300x231.jpg 300w\" sizes=\"(max-width: 740px) 100vw, 740px\" \/>\t\t\t\t\t\t\t\t\t\t\t\t\t\t\t<\/div>\n\t\t\t\t<\/div>\n\t\t\t\t\t<\/div>\n\t\t<\/div>\n\t\t\t\t<div class=\"elementor-column elementor-col-50 elementor-top-column elementor-element elementor-element-9351ca8\" data-id=\"9351ca8\" data-element_type=\"column\" data-e-type=\"column\">\n\t\t\t<div class=\"elementor-widget-wrap elementor-element-populated\">\n\t\t\t\t\t\t<div class=\"elementor-element elementor-element-4d7e8e1 elementor-widget elementor-widget-text-editor\" data-id=\"4d7e8e1\" data-element_type=\"widget\" data-e-type=\"widget\" data-widget_type=\"text-editor.default\">\n\t\t\t\t<div class=\"elementor-widget-container\">\n\t\t\t\t\t\t\t\t\t<p>Nasz profesjonalny dzia\u0142 sektora urz\u0105dze\u0144 d\u017awigowych udzieli Pa\u0144stwu odpowiedzi na wszelkie pytania zwi\u0105zane z \u201ed\u017awigami kolejowymi\u201d. Wyspecjalizowany w tematyce techniki d\u017awigowej zesp\u00f3\u0142 pracownik\u00f3w udzieli Pa\u0144stwu porady w kwestiach doboru:<\/p><ul><li>Szyn dla d\u017awig\u00f3w<\/li><li>Materia\u0142\u00f3w mocuj\u0105cych<\/li><li>Monta\u017cu oraz serwisowania torowisk d\u017awigowych<\/li><\/ul><p>W celu zasi\u0119gni\u0119cia szczeg\u00f3\u0142owych informacji odsy\u0142amy Pa\u0144stwa do naszego partnera, firmy Heinrich Krug GmbH &amp; Co. KG poprzez link<span style=\"font-size: 16px;\">\u00a0<\/span><a style=\"font-size: 16px; background-color: #ffffff;\" href=\"http:\/\/www.krug-weichenbau.de\/startseite\/\" target=\"_blank\" rel=\"noopener\">Heinrich Krug GmbH &amp; Co. KG<\/a><\/p>\t\t\t\t\t\t\t\t<\/div>\n\t\t\t\t<\/div>\n\t\t\t\t\t<\/div>\n\t\t<\/div>\n\t\t\t\t\t<\/div>\n\t\t<\/section>\n\t\t\t\t<section class=\"elementor-section elementor-top-section elementor-element elementor-element-7f3a7bf elementor-section-boxed elementor-section-height-default elementor-section-height-default\" data-id=\"7f3a7bf\" data-element_type=\"section\" data-e-type=\"section\">\n\t\t\t\t\t\t<div class=\"elementor-container elementor-column-gap-no\">\n\t\t\t\t\t<div class=\"elementor-column elementor-col-50 elementor-top-column elementor-element elementor-element-b2767b5\" data-id=\"b2767b5\" data-element_type=\"column\" data-e-type=\"column\">\n\t\t\t<div class=\"elementor-widget-wrap elementor-element-populated\">\n\t\t\t\t\t\t<div class=\"elementor-element elementor-element-754fca3 elementor-widget elementor-widget-text-editor\" data-id=\"754fca3\" data-element_type=\"widget\" data-e-type=\"widget\" data-widget_type=\"text-editor.default\">\n\t\t\t\t<div class=\"elementor-widget-container\">\n\t\t\t\t\t\t\t\t\t<p>Nasze us\u0142ugi w sektorze d\u017awig\u00f3w kolejowych cechuje ich rozleg\u0142o\u015b\u0107, specjalizacja oraz innowacyjno\u015b\u0107. Ponadto oferujemy Pa\u0144stwu nasze wsparcie na wszystkich etapach Waszej inwestycji pocz\u0105wszy od projektowania, a sko\u0144czywszy na:<\/p><ul><li>dostawie wszystkich typowych d\u017awigowych profili szynowych, najcz\u0119\u015bciej bezpo\u015brednio z magazynu<\/li><li>docinaniu szyn na d\u0142ugo\u015bci i pod dowolnym k\u0105tem<\/li><li>pracach modyfikuj\u0105cych, taki jak: wyfrezowanie dla punkt\u00f3w kontrolnych, redukcja szeroko\u015bci st\u00f3p szynowych, pokrycia, itp.<\/li><li>wyborze prawid\u0142owych dla Pa\u0144stwa zam\u00f3wienia zacisk\u00f3w oraz podk\u0142adek typu Gantrail<\/li><li>wyborze p\u0142yt dolegaj\u0105cych, mocowa\u0144 oraz innego rodzaju osprz\u0119tu do konkretnego zapotrzebowania<\/li><li>produkcji p\u0142yt dolegaj\u0105cych we w\u0142asnym zak\u0142adzie na maszynach CNC<\/li><li>monta\u017cu tor\u00f3w d\u017awigowych na miejscu przeznaczenia wraz z zespawaniem po\u0142\u0105cze\u0144 szynowych oraz wykonanie dokumentacji powykonawczej w oparciu o protoko\u0142y kontrolno-pomiarowe<\/li><\/ul>\t\t\t\t\t\t\t\t<\/div>\n\t\t\t\t<\/div>\n\t\t\t\t\t<\/div>\n\t\t<\/div>\n\t\t\t\t<div class=\"elementor-column elementor-col-50 elementor-top-column elementor-element elementor-element-c07e00d\" data-id=\"c07e00d\" data-element_type=\"column\" data-e-type=\"column\">\n\t\t\t<div class=\"elementor-widget-wrap elementor-element-populated\">\n\t\t\t\t\t\t<div class=\"elementor-element elementor-element-d91d18c elementor-widget elementor-widget-image\" data-id=\"d91d18c\" data-element_type=\"widget\" data-e-type=\"widget\" data-widget_type=\"image.default\">\n\t\t\t\t<div class=\"elementor-widget-container\">\n\t\t\t\t\t\t\t\t\t\t\t\t\t\t\t<img decoding=\"async\" width=\"740\" height=\"710\" src=\"https:\/\/fehlingsgruppe.de\/wp-content\/uploads\/2020\/12\/Kranbahntechnik_2.jpg\" class=\"attachment-full size-full wp-image-1366\" alt=\"\" srcset=\"https:\/\/fehlingsgruppe.de\/wp-content\/uploads\/2020\/12\/Kranbahntechnik_2.jpg 740w, https:\/\/fehlingsgruppe.de\/wp-content\/uploads\/2020\/12\/Kranbahntechnik_2-300x288.jpg 300w\" sizes=\"(max-width: 740px) 100vw, 740px\" \/>\t\t\t\t\t\t\t\t\t\t\t\t\t\t\t<\/div>\n\t\t\t\t<\/div>\n\t\t\t\t\t<\/div>\n\t\t<\/div>\n\t\t\t\t\t<\/div>\n\t\t<\/section>\n\t\t\t\t<\/div>\n\t\t","protected":false},"excerpt":{"rendered":"<p>Sektor urz\u0105dze\u0144 d\u017awigowych i suwnic specjalistycznych Nasz profesjonalny dzia\u0142 sektora urz\u0105dze\u0144 d\u017awigowych udzieli Pa\u0144stwu odpowiedzi na wszelkie pytania zwi\u0105zane z \u201ed\u017awigami kolejowymi\u201d. Wyspecjalizowany w tematyce techniki d\u017awigowej zesp\u00f3\u0142 pracownik\u00f3w udzieli Pa\u0144stwu porady w kwestiach doboru: Szyn dla d\u017awig\u00f3w Materia\u0142\u00f3w mocuj\u0105cych Monta\u017cu oraz serwisowania torowisk d\u017awigowych W celu zasi\u0119gni\u0119cia szczeg\u00f3\u0142owych informacji odsy\u0142amy Pa\u0144stwa do naszego partnera, [&hellip;]<\/p>\n","protected":false},"author":1,"featured_media":0,"parent":1343,"menu_order":4,"comment_status":"closed","ping_status":"closed","template":"","meta":{"site-sidebar-layout":"no-sidebar","site-content-layout":"default","ast-site-content-layout":"default","site-content-style":"default","site-sidebar-style":"default","ast-global-header-display":"","ast-banner-title-visibility":"","ast-main-header-display":"","ast-hfb-above-header-display":"","ast-hfb-below-header-display":"","ast-hfb-mobile-header-display":"","site-post-title":"disabled","ast-breadcrumbs-content":"","ast-featured-img":"","footer-sml-layout":"","ast-disable-related-posts":"","theme-transparent-header-meta":"default","adv-header-id-meta":"","stick-header-meta":"default","header-above-stick-meta":"","header-main-stick-meta":"","header-below-stick-meta":"","astra-migrate-meta-layouts":"default","ast-page-background-enabled":"default","ast-page-background-meta":{"desktop":{"background-color":"","background-image":"","background-repeat":"repeat","background-position":"center center","background-size":"auto","background-attachment":"scroll","background-type":"","background-media":"","overlay-type":"","overlay-color":"","overlay-opacity":"","overlay-gradient":""},"tablet":{"background-color":"","background-image":"","background-repeat":"repeat","background-position":"center center","background-size":"auto","background-attachment":"scroll","background-type":"","background-media":"","overlay-type":"","overlay-color":"","overlay-opacity":"","overlay-gradient":""},"mobile":{"background-color":"","background-image":"","background-repeat":"repeat","background-position":"center center","background-size":"auto","background-attachment":"scroll","background-type":"","background-media":"","overlay-type":"","overlay-color":"","overlay-opacity":"","overlay-gradient":""}},"ast-content-background-meta":{"desktop":{"background-color":"var(--ast-global-color-5)","background-image":"","background-repeat":"repeat","background-position":"center center","background-size":"auto","background-attachment":"scroll","background-type":"","background-media":"","overlay-type":"","overlay-color":"","overlay-opacity":"","overlay-gradient":""},"tablet":{"background-color":"var(--ast-global-color-5)","background-image":"","background-repeat":"repeat","background-position":"center center","background-size":"auto","background-attachment":"scroll","background-type":"","background-media":"","overlay-type":"","overlay-color":"","overlay-opacity":"","overlay-gradient":""},"mobile":{"background-color":"var(--ast-global-color-5)","background-image":"","background-repeat":"repeat","background-position":"center center","background-size":"auto","background-attachment":"scroll","background-type":"","background-media":"","overlay-type":"","overlay-color":"","overlay-opacity":"","overlay-gradient":""}},"footnotes":""},"class_list":["post-1386","page","type-page","status-publish","hentry"],"yoast_head":"<!-- This site is optimized with the Yoast SEO plugin v27.5 - https:\/\/yoast.com\/product\/yoast-seo-wordpress\/ -->\n<title>Sektor urz\u0105dze\u0144 d\u017awigowych i suwnic specjalistycznych - Fehlings Gruppe<\/title>\n<meta name=\"robots\" content=\"index, follow, max-snippet:-1, max-image-preview:large, max-video-preview:-1\" \/>\n<link rel=\"canonical\" href=\"https:\/\/fehlingsgruppe.de\/pl\/portfel\/sektor-urzadzen-dzwigowych-i-suwnic-specjalistycznych\/\" \/>\n<meta property=\"og:locale\" content=\"pl_PL\" \/>\n<meta property=\"og:type\" content=\"article\" \/>\n<meta property=\"og:title\" content=\"Sektor urz\u0105dze\u0144 d\u017awigowych i suwnic specjalistycznych - Fehlings Gruppe\" \/>\n<meta property=\"og:description\" content=\"Sektor urz\u0105dze\u0144 d\u017awigowych i suwnic specjalistycznych Nasz profesjonalny dzia\u0142 sektora urz\u0105dze\u0144 d\u017awigowych udzieli Pa\u0144stwu odpowiedzi na wszelkie pytania zwi\u0105zane z \u201ed\u017awigami kolejowymi\u201d. Wyspecjalizowany w tematyce techniki d\u017awigowej zesp\u00f3\u0142 pracownik\u00f3w udzieli Pa\u0144stwu porady w kwestiach doboru: Szyn dla d\u017awig\u00f3w Materia\u0142\u00f3w mocuj\u0105cych Monta\u017cu oraz serwisowania torowisk d\u017awigowych W celu zasi\u0119gni\u0119cia szczeg\u00f3\u0142owych informacji odsy\u0142amy Pa\u0144stwa do naszego partnera, [&hellip;]\" \/>\n<meta property=\"og:url\" content=\"https:\/\/fehlingsgruppe.de\/pl\/portfel\/sektor-urzadzen-dzwigowych-i-suwnic-specjalistycznych\/\" \/>\n<meta property=\"og:site_name\" content=\"Fehlings Gruppe\" \/>\n<meta property=\"article:modified_time\" content=\"2021-03-17T00:32:26+00:00\" \/>\n<meta property=\"og:image\" content=\"https:\/\/fehlingsgruppe.de\/wp-content\/uploads\/2020\/12\/Kranbahntechnik_1.jpg\" \/>\n<meta name=\"twitter:card\" content=\"summary_large_image\" \/>\n<meta name=\"twitter:label1\" content=\"Szacowany czas czytania\" \/>\n\t<meta name=\"twitter:data1\" content=\"2 minuty\" \/>\n<script type=\"application\/ld+json\" class=\"yoast-schema-graph\">{\"@context\":\"https:\\\/\\\/schema.org\",\"@graph\":[{\"@type\":\"WebPage\",\"@id\":\"https:\\\/\\\/fehlingsgruppe.de\\\/pl\\\/portfel\\\/sektor-urzadzen-dzwigowych-i-suwnic-specjalistycznych\\\/\",\"url\":\"https:\\\/\\\/fehlingsgruppe.de\\\/pl\\\/portfel\\\/sektor-urzadzen-dzwigowych-i-suwnic-specjalistycznych\\\/\",\"name\":\"Sektor urz\u0105dze\u0144 d\u017awigowych i suwnic specjalistycznych - Fehlings Gruppe\",\"isPartOf\":{\"@id\":\"https:\\\/\\\/fehlingsgruppe.de\\\/pl\\\/#website\"},\"primaryImageOfPage\":{\"@id\":\"https:\\\/\\\/fehlingsgruppe.de\\\/pl\\\/portfel\\\/sektor-urzadzen-dzwigowych-i-suwnic-specjalistycznych\\\/#primaryimage\"},\"image\":{\"@id\":\"https:\\\/\\\/fehlingsgruppe.de\\\/pl\\\/portfel\\\/sektor-urzadzen-dzwigowych-i-suwnic-specjalistycznych\\\/#primaryimage\"},\"thumbnailUrl\":\"https:\\\/\\\/fehlingsgruppe.de\\\/wp-content\\\/uploads\\\/2020\\\/12\\\/Kranbahntechnik_1.jpg\",\"datePublished\":\"2020-12-09T21:53:16+00:00\",\"dateModified\":\"2021-03-17T00:32:26+00:00\",\"breadcrumb\":{\"@id\":\"https:\\\/\\\/fehlingsgruppe.de\\\/pl\\\/portfel\\\/sektor-urzadzen-dzwigowych-i-suwnic-specjalistycznych\\\/#breadcrumb\"},\"inLanguage\":\"pl-PL\",\"potentialAction\":[{\"@type\":\"ReadAction\",\"target\":[\"https:\\\/\\\/fehlingsgruppe.de\\\/pl\\\/portfel\\\/sektor-urzadzen-dzwigowych-i-suwnic-specjalistycznych\\\/\"]}]},{\"@type\":\"ImageObject\",\"inLanguage\":\"pl-PL\",\"@id\":\"https:\\\/\\\/fehlingsgruppe.de\\\/pl\\\/portfel\\\/sektor-urzadzen-dzwigowych-i-suwnic-specjalistycznych\\\/#primaryimage\",\"url\":\"https:\\\/\\\/fehlingsgruppe.de\\\/wp-content\\\/uploads\\\/2020\\\/12\\\/Kranbahntechnik_1.jpg\",\"contentUrl\":\"https:\\\/\\\/fehlingsgruppe.de\\\/wp-content\\\/uploads\\\/2020\\\/12\\\/Kranbahntechnik_1.jpg\"},{\"@type\":\"BreadcrumbList\",\"@id\":\"https:\\\/\\\/fehlingsgruppe.de\\\/pl\\\/portfel\\\/sektor-urzadzen-dzwigowych-i-suwnic-specjalistycznych\\\/#breadcrumb\",\"itemListElement\":[{\"@type\":\"ListItem\",\"position\":1,\"name\":\"Startseite\",\"item\":\"https:\\\/\\\/fehlingsgruppe.de\\\/pl\\\/\"},{\"@type\":\"ListItem\",\"position\":2,\"name\":\"Portfel\",\"item\":\"https:\\\/\\\/fehlingsgruppe.de\\\/pl\\\/portfel\\\/\"},{\"@type\":\"ListItem\",\"position\":3,\"name\":\"Sektor urz\u0105dze\u0144 d\u017awigowych i suwnic specjalistycznych\"}]},{\"@type\":\"WebSite\",\"@id\":\"https:\\\/\\\/fehlingsgruppe.de\\\/pl\\\/#website\",\"url\":\"https:\\\/\\\/fehlingsgruppe.de\\\/pl\\\/\",\"name\":\"Fehlings Gruppe\",\"description\":\"\",\"publisher\":{\"@id\":\"https:\\\/\\\/fehlingsgruppe.de\\\/pl\\\/#organization\"},\"potentialAction\":[{\"@type\":\"SearchAction\",\"target\":{\"@type\":\"EntryPoint\",\"urlTemplate\":\"https:\\\/\\\/fehlingsgruppe.de\\\/pl\\\/?s={search_term_string}\"},\"query-input\":{\"@type\":\"PropertyValueSpecification\",\"valueRequired\":true,\"valueName\":\"search_term_string\"}}],\"inLanguage\":\"pl-PL\"},{\"@type\":\"Organization\",\"@id\":\"https:\\\/\\\/fehlingsgruppe.de\\\/pl\\\/#organization\",\"name\":\"Fehlings Gruppe\",\"url\":\"https:\\\/\\\/fehlingsgruppe.de\\\/pl\\\/\",\"logo\":{\"@type\":\"ImageObject\",\"inLanguage\":\"pl-PL\",\"@id\":\"https:\\\/\\\/fehlingsgruppe.de\\\/pl\\\/#\\\/schema\\\/logo\\\/image\\\/\",\"url\":\"https:\\\/\\\/fehlingsgruppe.de\\\/wp-content\\\/uploads\\\/2020\\\/12\\\/logo-fehlings-140.png\",\"contentUrl\":\"https:\\\/\\\/fehlingsgruppe.de\\\/wp-content\\\/uploads\\\/2020\\\/12\\\/logo-fehlings-140.png\",\"width\":140,\"height\":140,\"caption\":\"Fehlings Gruppe\"},\"image\":{\"@id\":\"https:\\\/\\\/fehlingsgruppe.de\\\/pl\\\/#\\\/schema\\\/logo\\\/image\\\/\"}}]}<\/script>\n<!-- \/ Yoast SEO plugin. -->","yoast_head_json":{"title":"Sektor urz\u0105dze\u0144 d\u017awigowych i suwnic specjalistycznych - Fehlings Gruppe","robots":{"index":"index","follow":"follow","max-snippet":"max-snippet:-1","max-image-preview":"max-image-preview:large","max-video-preview":"max-video-preview:-1"},"canonical":"https:\/\/fehlingsgruppe.de\/pl\/portfel\/sektor-urzadzen-dzwigowych-i-suwnic-specjalistycznych\/","og_locale":"pl_PL","og_type":"article","og_title":"Sektor urz\u0105dze\u0144 d\u017awigowych i suwnic specjalistycznych - Fehlings Gruppe","og_description":"Sektor urz\u0105dze\u0144 d\u017awigowych i suwnic specjalistycznych Nasz profesjonalny dzia\u0142 sektora urz\u0105dze\u0144 d\u017awigowych udzieli Pa\u0144stwu odpowiedzi na wszelkie pytania zwi\u0105zane z \u201ed\u017awigami kolejowymi\u201d. Wyspecjalizowany w tematyce techniki d\u017awigowej zesp\u00f3\u0142 pracownik\u00f3w udzieli Pa\u0144stwu porady w kwestiach doboru: Szyn dla d\u017awig\u00f3w Materia\u0142\u00f3w mocuj\u0105cych Monta\u017cu oraz serwisowania torowisk d\u017awigowych W celu zasi\u0119gni\u0119cia szczeg\u00f3\u0142owych informacji odsy\u0142amy Pa\u0144stwa do naszego partnera, [&hellip;]","og_url":"https:\/\/fehlingsgruppe.de\/pl\/portfel\/sektor-urzadzen-dzwigowych-i-suwnic-specjalistycznych\/","og_site_name":"Fehlings Gruppe","article_modified_time":"2021-03-17T00:32:26+00:00","og_image":[{"url":"https:\/\/fehlingsgruppe.de\/wp-content\/uploads\/2020\/12\/Kranbahntechnik_1.jpg","type":"","width":"","height":""}],"twitter_card":"summary_large_image","twitter_misc":{"Szacowany czas czytania":"2 minuty"},"schema":{"@context":"https:\/\/schema.org","@graph":[{"@type":"WebPage","@id":"https:\/\/fehlingsgruppe.de\/pl\/portfel\/sektor-urzadzen-dzwigowych-i-suwnic-specjalistycznych\/","url":"https:\/\/fehlingsgruppe.de\/pl\/portfel\/sektor-urzadzen-dzwigowych-i-suwnic-specjalistycznych\/","name":"Sektor urz\u0105dze\u0144 d\u017awigowych i suwnic specjalistycznych - Fehlings Gruppe","isPartOf":{"@id":"https:\/\/fehlingsgruppe.de\/pl\/#website"},"primaryImageOfPage":{"@id":"https:\/\/fehlingsgruppe.de\/pl\/portfel\/sektor-urzadzen-dzwigowych-i-suwnic-specjalistycznych\/#primaryimage"},"image":{"@id":"https:\/\/fehlingsgruppe.de\/pl\/portfel\/sektor-urzadzen-dzwigowych-i-suwnic-specjalistycznych\/#primaryimage"},"thumbnailUrl":"https:\/\/fehlingsgruppe.de\/wp-content\/uploads\/2020\/12\/Kranbahntechnik_1.jpg","datePublished":"2020-12-09T21:53:16+00:00","dateModified":"2021-03-17T00:32:26+00:00","breadcrumb":{"@id":"https:\/\/fehlingsgruppe.de\/pl\/portfel\/sektor-urzadzen-dzwigowych-i-suwnic-specjalistycznych\/#breadcrumb"},"inLanguage":"pl-PL","potentialAction":[{"@type":"ReadAction","target":["https:\/\/fehlingsgruppe.de\/pl\/portfel\/sektor-urzadzen-dzwigowych-i-suwnic-specjalistycznych\/"]}]},{"@type":"ImageObject","inLanguage":"pl-PL","@id":"https:\/\/fehlingsgruppe.de\/pl\/portfel\/sektor-urzadzen-dzwigowych-i-suwnic-specjalistycznych\/#primaryimage","url":"https:\/\/fehlingsgruppe.de\/wp-content\/uploads\/2020\/12\/Kranbahntechnik_1.jpg","contentUrl":"https:\/\/fehlingsgruppe.de\/wp-content\/uploads\/2020\/12\/Kranbahntechnik_1.jpg"},{"@type":"BreadcrumbList","@id":"https:\/\/fehlingsgruppe.de\/pl\/portfel\/sektor-urzadzen-dzwigowych-i-suwnic-specjalistycznych\/#breadcrumb","itemListElement":[{"@type":"ListItem","position":1,"name":"Startseite","item":"https:\/\/fehlingsgruppe.de\/pl\/"},{"@type":"ListItem","position":2,"name":"Portfel","item":"https:\/\/fehlingsgruppe.de\/pl\/portfel\/"},{"@type":"ListItem","position":3,"name":"Sektor urz\u0105dze\u0144 d\u017awigowych i suwnic specjalistycznych"}]},{"@type":"WebSite","@id":"https:\/\/fehlingsgruppe.de\/pl\/#website","url":"https:\/\/fehlingsgruppe.de\/pl\/","name":"Fehlings Gruppe","description":"","publisher":{"@id":"https:\/\/fehlingsgruppe.de\/pl\/#organization"},"potentialAction":[{"@type":"SearchAction","target":{"@type":"EntryPoint","urlTemplate":"https:\/\/fehlingsgruppe.de\/pl\/?s={search_term_string}"},"query-input":{"@type":"PropertyValueSpecification","valueRequired":true,"valueName":"search_term_string"}}],"inLanguage":"pl-PL"},{"@type":"Organization","@id":"https:\/\/fehlingsgruppe.de\/pl\/#organization","name":"Fehlings Gruppe","url":"https:\/\/fehlingsgruppe.de\/pl\/","logo":{"@type":"ImageObject","inLanguage":"pl-PL","@id":"https:\/\/fehlingsgruppe.de\/pl\/#\/schema\/logo\/image\/","url":"https:\/\/fehlingsgruppe.de\/wp-content\/uploads\/2020\/12\/logo-fehlings-140.png","contentUrl":"https:\/\/fehlingsgruppe.de\/wp-content\/uploads\/2020\/12\/logo-fehlings-140.png","width":140,"height":140,"caption":"Fehlings Gruppe"},"image":{"@id":"https:\/\/fehlingsgruppe.de\/pl\/#\/schema\/logo\/image\/"}}]}},"_links":{"self":[{"href":"https:\/\/fehlingsgruppe.de\/pl\/wp-json\/wp\/v2\/pages\/1386","targetHints":{"allow":["GET"]}}],"collection":[{"href":"https:\/\/fehlingsgruppe.de\/pl\/wp-json\/wp\/v2\/pages"}],"about":[{"href":"https:\/\/fehlingsgruppe.de\/pl\/wp-json\/wp\/v2\/types\/page"}],"author":[{"embeddable":true,"href":"https:\/\/fehlingsgruppe.de\/pl\/wp-json\/wp\/v2\/users\/1"}],"replies":[{"embeddable":true,"href":"https:\/\/fehlingsgruppe.de\/pl\/wp-json\/wp\/v2\/comments?post=1386"}],"version-history":[{"count":14,"href":"https:\/\/fehlingsgruppe.de\/pl\/wp-json\/wp\/v2\/pages\/1386\/revisions"}],"predecessor-version":[{"id":2620,"href":"https:\/\/fehlingsgruppe.de\/pl\/wp-json\/wp\/v2\/pages\/1386\/revisions\/2620"}],"up":[{"embeddable":true,"href":"https:\/\/fehlingsgruppe.de\/pl\/wp-json\/wp\/v2\/pages\/1343"}],"wp:attachment":[{"href":"https:\/\/fehlingsgruppe.de\/pl\/wp-json\/wp\/v2\/media?parent=1386"}],"curies":[{"name":"wp","href":"https:\/\/api.w.org\/{rel}","templated":true}]}}